{"id":8225,"date":"2025-09-22T15:38:22","date_gmt":"2025-09-22T20:38:22","guid":{"rendered":"https:\/\/airspore.com\/sample-collection-schedule\/"},"modified":"2025-09-22T15:38:22","modified_gmt":"2025-09-22T20:38:22","slug":"sample-collection-schedule","status":"publish","type":"page","link":"https:\/\/airspore.com\/fr\/sample-collection-schedule\/","title":{"rendered":"Calendrier de pr\u00e9l\u00e8vement des \u00e9chantillons"},"content":{"rendered":"\t\t<div data-elementor-type=\"wp-page\" data-elementor-id=\"8225\" class=\"elementor elementor-8225 elementor-8220\" data-elementor-post-type=\"page\">\n\t\t\t\t<div class=\"elementor-element elementor-element-ba16c64 e-flex e-con-boxed e-con e-parent\" data-id=\"ba16c64\" data-element_type=\"container\" data-e-type=\"container\">\n\t\t\t\t\t<div class=\"e-con-inner\">\n\t\t\t\t\t<\/div>\n\t\t\t\t<\/div>\n\t\t<div class=\"elementor-element elementor-element-4fd30d1 e-flex e-con-boxed e-con e-parent\" data-id=\"4fd30d1\" data-element_type=\"container\" data-e-type=\"container\">\n\t\t\t\t\t<div class=\"e-con-inner\">\n\t\t\t\t<div class=\"elementor-element elementor-element-3857507 elementor-widget elementor-widget-text-editor\" data-id=\"3857507\" data-element_type=\"widget\" data-e-type=\"widget\" data-widget_type=\"text-editor.default\">\n\t\t\t\t<div class=\"elementor-widget-container\">\n\t\t\t\t\t\t\t\t\t<p>Pour assurer un suivi efficace et continu des cultures, des \u00e9chantillons de spores sont pr\u00e9lev\u00e9s trois fois par semaine, g\u00e9n\u00e9ralement les lundis, mercredis et vendredis. Cette fr\u00e9quence couvre toute la semaine et permet de d\u00e9tecter la maladie d\u00e8s les premiers signes de contamination, sans laisser le temps \u00e0 la maladie de se propager entre les \u00e9chantillons. Un suivi r\u00e9gulier est essentiel pour intervenir rapidement et minimiser le risque de perte de r\u00e9colte.  <\/p><p> <\/p><p>Cependant, il n&rsquo;est pas possible de pr\u00e9lever des \u00e9chantillons sous la pluie. Par exemple, si le mauvais temps survient un lundi, les \u00e9chantillons seront pr\u00e9lev\u00e9s le mardi, le jeudi et le samedi afin de maintenir un suivi r\u00e9gulier et d&rsquo;assurer une couverture compl\u00e8te sans interruption. <\/p><p> <\/p><p>Ce calendrier souple et rigoureux permet de d\u00e9tecter les maladies en temps voulu, tout en adaptant l&rsquo;\u00e9chantillonnage aux conditions m\u00e9t\u00e9orologiques.<\/p>\t\t\t\t\t\t\t\t<\/div>\n\t\t\t\t<\/div>\n\t\t\t\t\t<\/div>\n\t\t\t\t<\/div>\n\t\t\t\t<\/div>\n\t\t","protected":false},"excerpt":{"rendered":"<p>Pour assurer un suivi efficace et continu des cultures, des \u00e9chantillons de spores sont pr\u00e9lev\u00e9s trois fois par semaine, g\u00e9n\u00e9ralement les lundis, mercredis et vendredis. Cette fr\u00e9quence couvre toute la semaine et permet de d\u00e9tecter la maladie d\u00e8s les premiers signes de contamination, sans laisser le temps \u00e0 la maladie de se propager entre les [&hellip;]<\/p>\n","protected":false},"author":8,"featured_media":0,"parent":0,"menu_order":0,"comment_status":"closed","ping_status":"closed","template":"","meta":{"_eb_attr":"","_uag_custom_page_level_css":"","footnotes":""},"class_list":["post-8225","page","type-page","status-publish","hentry"],"yoast_head":"<!-- This site is optimized with the Yoast SEO plugin v27.4 - https:\/\/yoast.com\/product\/yoast-seo-wordpress\/ -->\n<title>Calendrier de pr\u00e9l\u00e8vement des \u00e9chantillons - AIR<\/title>\n<meta name=\"robots\" content=\"index, follow, max-snippet:-1, max-image-preview:large, max-video-preview:-1\" \/>\n<link rel=\"canonical\" href=\"https:\/\/airspore.com\/fr\/sample-collection-schedule\/\" \/>\n<meta property=\"og:locale\" content=\"fr_FR\" \/>\n<meta property=\"og:type\" content=\"article\" \/>\n<meta property=\"og:title\" content=\"Calendrier de pr\u00e9l\u00e8vement des \u00e9chantillons - AIR\" \/>\n<meta property=\"og:description\" content=\"Pour assurer un suivi efficace et continu des cultures, des \u00e9chantillons de spores sont pr\u00e9lev\u00e9s trois fois par semaine, g\u00e9n\u00e9ralement les lundis, mercredis et vendredis. Cette fr\u00e9quence couvre toute la semaine et permet de d\u00e9tecter la maladie d\u00e8s les premiers signes de contamination, sans laisser le temps \u00e0 la maladie de se propager entre les [&hellip;]\" \/>\n<meta property=\"og:url\" content=\"https:\/\/airspore.com\/fr\/sample-collection-schedule\/\" \/>\n<meta property=\"og:site_name\" content=\"AIR\" \/>\n<meta property=\"article:publisher\" content=\"https:\/\/www.facebook.com\/airspore\/\" \/>\n<meta property=\"og:image\" content=\"https:\/\/airspore.com\/wp-content\/uploads\/2023\/01\/bGSAEoPoAd.png\" \/>\n\t<meta property=\"og:image:width\" content=\"1042\" \/>\n\t<meta property=\"og:image:height\" content=\"568\" \/>\n\t<meta property=\"og:image:type\" content=\"image\/png\" \/>\n<meta name=\"twitter:card\" content=\"summary_large_image\" \/>\n<meta name=\"twitter:label1\" content=\"Dur\u00e9e de lecture estim\u00e9e\" \/>\n\t<meta name=\"twitter:data1\" content=\"1 minute\" \/>\n<script type=\"application\/ld+json\" class=\"yoast-schema-graph\">{\"@context\":\"https:\\\/\\\/schema.org\",\"@graph\":[{\"@type\":\"WebPage\",\"@id\":\"https:\\\/\\\/airspore.com\\\/fr\\\/sample-collection-schedule\\\/\",\"url\":\"https:\\\/\\\/airspore.com\\\/fr\\\/sample-collection-schedule\\\/\",\"name\":\"Calendrier de pr\u00e9l\u00e8vement des \u00e9chantillons - AIR\",\"isPartOf\":{\"@id\":\"https:\\\/\\\/airspore.com\\\/#website\"},\"datePublished\":\"2025-09-22T20:38:22+00:00\",\"breadcrumb\":{\"@id\":\"https:\\\/\\\/airspore.com\\\/fr\\\/sample-collection-schedule\\\/#breadcrumb\"},\"inLanguage\":\"fr-FR\",\"potentialAction\":[{\"@type\":\"ReadAction\",\"target\":[\"https:\\\/\\\/airspore.com\\\/fr\\\/sample-collection-schedule\\\/\"]}]},{\"@type\":\"BreadcrumbList\",\"@id\":\"https:\\\/\\\/airspore.com\\\/fr\\\/sample-collection-schedule\\\/#breadcrumb\",\"itemListElement\":[{\"@type\":\"ListItem\",\"position\":1,\"name\":\"\u2302\",\"item\":\"https:\\\/\\\/airspore.com\\\/fr\\\/\"},{\"@type\":\"ListItem\",\"position\":2,\"name\":\"Calendrier de pr\u00e9l\u00e8vement des \u00e9chantillons\"}]},{\"@type\":\"WebSite\",\"@id\":\"https:\\\/\\\/airspore.com\\\/#website\",\"url\":\"https:\\\/\\\/airspore.com\\\/\",\"name\":\"AIR\",\"description\":\"AIR is a preventive fungal disease detection program.\",\"publisher\":{\"@id\":\"https:\\\/\\\/airspore.com\\\/#organization\"},\"alternateName\":\"AIR SPORE INC\",\"potentialAction\":[{\"@type\":\"SearchAction\",\"target\":{\"@type\":\"EntryPoint\",\"urlTemplate\":\"https:\\\/\\\/airspore.com\\\/?s={search_term_string}\"},\"query-input\":{\"@type\":\"PropertyValueSpecification\",\"valueRequired\":true,\"valueName\":\"search_term_string\"}}],\"inLanguage\":\"fr-FR\"},{\"@type\":\"Organization\",\"@id\":\"https:\\\/\\\/airspore.com\\\/#organization\",\"name\":\"AIR\",\"alternateName\":\"AIR SPORE INC.\",\"url\":\"https:\\\/\\\/airspore.com\\\/\",\"logo\":{\"@type\":\"ImageObject\",\"inLanguage\":\"fr-FR\",\"@id\":\"https:\\\/\\\/airspore.com\\\/#\\\/schema\\\/logo\\\/image\\\/\",\"url\":\"https:\\\/\\\/airspore.com\\\/wp-content\\\/uploads\\\/2022\\\/06\\\/Logo-gros-transparentFichier-1.svg\",\"contentUrl\":\"https:\\\/\\\/airspore.com\\\/wp-content\\\/uploads\\\/2022\\\/06\\\/Logo-gros-transparentFichier-1.svg\",\"width\":1,\"height\":1,\"caption\":\"AIR\"},\"image\":{\"@id\":\"https:\\\/\\\/airspore.com\\\/#\\\/schema\\\/logo\\\/image\\\/\"},\"sameAs\":[\"https:\\\/\\\/www.facebook.com\\\/airspore\\\/\",\"https:\\\/\\\/www.instagram.com\\\/airspore.inc\\\/\"]}]}<\/script>\n<!-- \/ Yoast SEO plugin. -->","yoast_head_json":{"title":"Calendrier de pr\u00e9l\u00e8vement des \u00e9chantillons - AIR","robots":{"index":"index","follow":"follow","max-snippet":"max-snippet:-1","max-image-preview":"max-image-preview:large","max-video-preview":"max-video-preview:-1"},"canonical":"https:\/\/airspore.com\/fr\/sample-collection-schedule\/","og_locale":"fr_FR","og_type":"article","og_title":"Calendrier de pr\u00e9l\u00e8vement des \u00e9chantillons - AIR","og_description":"Pour assurer un suivi efficace et continu des cultures, des \u00e9chantillons de spores sont pr\u00e9lev\u00e9s trois fois par semaine, g\u00e9n\u00e9ralement les lundis, mercredis et vendredis. Cette fr\u00e9quence couvre toute la semaine et permet de d\u00e9tecter la maladie d\u00e8s les premiers signes de contamination, sans laisser le temps \u00e0 la maladie de se propager entre les [&hellip;]","og_url":"https:\/\/airspore.com\/fr\/sample-collection-schedule\/","og_site_name":"AIR","article_publisher":"https:\/\/www.facebook.com\/airspore\/","og_image":[{"width":1042,"height":568,"url":"https:\/\/airspore.com\/wp-content\/uploads\/2023\/01\/bGSAEoPoAd.png","type":"image\/png"}],"twitter_card":"summary_large_image","twitter_misc":{"Dur\u00e9e de lecture estim\u00e9e":"1 minute"},"schema":{"@context":"https:\/\/schema.org","@graph":[{"@type":"WebPage","@id":"https:\/\/airspore.com\/fr\/sample-collection-schedule\/","url":"https:\/\/airspore.com\/fr\/sample-collection-schedule\/","name":"Calendrier de pr\u00e9l\u00e8vement des \u00e9chantillons - AIR","isPartOf":{"@id":"https:\/\/airspore.com\/#website"},"datePublished":"2025-09-22T20:38:22+00:00","breadcrumb":{"@id":"https:\/\/airspore.com\/fr\/sample-collection-schedule\/#breadcrumb"},"inLanguage":"fr-FR","potentialAction":[{"@type":"ReadAction","target":["https:\/\/airspore.com\/fr\/sample-collection-schedule\/"]}]},{"@type":"BreadcrumbList","@id":"https:\/\/airspore.com\/fr\/sample-collection-schedule\/#breadcrumb","itemListElement":[{"@type":"ListItem","position":1,"name":"\u2302","item":"https:\/\/airspore.com\/fr\/"},{"@type":"ListItem","position":2,"name":"Calendrier de pr\u00e9l\u00e8vement des \u00e9chantillons"}]},{"@type":"WebSite","@id":"https:\/\/airspore.com\/#website","url":"https:\/\/airspore.com\/","name":"AIR","description":"AIR is a preventive fungal disease detection program.","publisher":{"@id":"https:\/\/airspore.com\/#organization"},"alternateName":"AIR SPORE INC","potentialAction":[{"@type":"SearchAction","target":{"@type":"EntryPoint","urlTemplate":"https:\/\/airspore.com\/?s={search_term_string}"},"query-input":{"@type":"PropertyValueSpecification","valueRequired":true,"valueName":"search_term_string"}}],"inLanguage":"fr-FR"},{"@type":"Organization","@id":"https:\/\/airspore.com\/#organization","name":"AIR","alternateName":"AIR SPORE INC.","url":"https:\/\/airspore.com\/","logo":{"@type":"ImageObject","inLanguage":"fr-FR","@id":"https:\/\/airspore.com\/#\/schema\/logo\/image\/","url":"https:\/\/airspore.com\/wp-content\/uploads\/2022\/06\/Logo-gros-transparentFichier-1.svg","contentUrl":"https:\/\/airspore.com\/wp-content\/uploads\/2022\/06\/Logo-gros-transparentFichier-1.svg","width":1,"height":1,"caption":"AIR"},"image":{"@id":"https:\/\/airspore.com\/#\/schema\/logo\/image\/"},"sameAs":["https:\/\/www.facebook.com\/airspore\/","https:\/\/www.instagram.com\/airspore.inc\/"]}]}},"uagb_featured_image_src":{"full":false,"thumbnail":false,"medium":false,"medium_large":false,"large":false,"1536x1536":false,"2048x2048":false},"uagb_author_info":{"display_name":"Gabriel Houle","author_link":"https:\/\/airspore.com\/fr\/author\/gabriel-houle\/"},"uagb_comment_info":0,"uagb_excerpt":"Pour assurer un suivi efficace et continu des cultures, des \u00e9chantillons de spores sont pr\u00e9lev\u00e9s trois fois par semaine, g\u00e9n\u00e9ralement les lundis, mercredis et vendredis. Cette fr\u00e9quence couvre toute la semaine et permet de d\u00e9tecter la maladie d\u00e8s les premiers signes de contamination, sans laisser le temps \u00e0 la maladie de se propager entre les\u2026","_links":{"self":[{"href":"https:\/\/airspore.com\/fr\/wp-json\/wp\/v2\/pages\/8225","targetHints":{"allow":["GET"]}}],"collection":[{"href":"https:\/\/airspore.com\/fr\/wp-json\/wp\/v2\/pages"}],"about":[{"href":"https:\/\/airspore.com\/fr\/wp-json\/wp\/v2\/types\/page"}],"author":[{"embeddable":true,"href":"https:\/\/airspore.com\/fr\/wp-json\/wp\/v2\/users\/8"}],"replies":[{"embeddable":true,"href":"https:\/\/airspore.com\/fr\/wp-json\/wp\/v2\/comments?post=8225"}],"version-history":[{"count":1,"href":"https:\/\/airspore.com\/fr\/wp-json\/wp\/v2\/pages\/8225\/revisions"}],"predecessor-version":[{"id":8226,"href":"https:\/\/airspore.com\/fr\/wp-json\/wp\/v2\/pages\/8225\/revisions\/8226"}],"wp:attachment":[{"href":"https:\/\/airspore.com\/fr\/wp-json\/wp\/v2\/media?parent=8225"}],"curies":[{"name":"wp","href":"https:\/\/api.w.org\/{rel}","templated":true}]}}