{"id":8193,"date":"2025-09-22T15:25:53","date_gmt":"2025-09-22T20:25:53","guid":{"rendered":"https:\/\/airspore.com\/benefits-of-spore-capture\/"},"modified":"2025-09-22T15:26:16","modified_gmt":"2025-09-22T20:26:16","slug":"benefits-of-spore-capture","status":"publish","type":"page","link":"https:\/\/airspore.com\/fr\/benefits-of-spore-capture\/","title":{"rendered":"Avantages de la capture des spores"},"content":{"rendered":"\t\t<div data-elementor-type=\"wp-page\" data-elementor-id=\"8193\" class=\"elementor elementor-8193 elementor-8188\" data-elementor-post-type=\"page\">\n\t\t\t\t<div class=\"elementor-element elementor-element-7ba1a86 e-flex e-con-boxed e-con e-parent\" data-id=\"7ba1a86\" data-element_type=\"container\" data-e-type=\"container\">\n\t\t\t\t\t<div class=\"e-con-inner\">\n\t\t\t\t\t<\/div>\n\t\t\t\t<\/div>\n\t\t<div class=\"elementor-element elementor-element-b1b99d9 e-flex e-con-boxed e-con e-parent\" data-id=\"b1b99d9\" data-element_type=\"container\" data-e-type=\"container\">\n\t\t\t\t\t<div class=\"e-con-inner\">\n\t\t\t\t<div class=\"elementor-element elementor-element-f4972a8 elementor-widget elementor-widget-text-editor\" data-id=\"f4972a8\" data-element_type=\"widget\" data-e-type=\"widget\" data-widget_type=\"text-editor.default\">\n\t\t\t\t<div class=\"elementor-widget-container\">\n\t\t\t\t\t\t\t\t\t<ul>\n \t<li><strong>D\u00e9tection pr\u00e9coce des maladies<\/strong>\nLe pi\u00e9geage des spores permet d&rsquo;identifier les pathog\u00e8nes d\u00e8s leur apparition dans l&rsquo;environnement, avant que les sympt\u00f4mes ne soient visibles sur les plantes.<\/li><br> \t<li><strong>Interventions cibl\u00e9es et optimis\u00e9es<\/strong>\nEn sachant exactement quel pathog\u00e8ne est pr\u00e9sent, il devient possible de choisir le fongicide le plus appropri\u00e9, maximisant ainsi l&rsquo;efficacit\u00e9 de l&rsquo;intervention tout en limitant les pertes.<\/li><br> \t<li><strong>R\u00e9duction des co\u00fbts de production<\/strong>\nEn n&rsquo;appliquant les traitements que lorsque cela est n\u00e9cessaire, vous r\u00e9duisez les d\u00e9penses li\u00e9es aux produits phytosanitaires, \u00e0 la main-d&rsquo;\u0153uvre et aux machines.<\/li><br> \t<li><strong>R\u00e9duction de l&rsquo;utilisation de fongicides et de l&rsquo;impact sur l&rsquo;environnement<\/strong>\nMoins de traitements signifie moins de pression chimique sur l&rsquo;environnement et une contribution \u00e0 des pratiques agricoles plus durables.<\/li><br> \t<li><strong>Am\u00e9lioration des rendements<\/strong>\nEn limitant les pertes caus\u00e9es par les maladies, le pi\u00e9geage des spores contribue \u00e0 la fois \u00e0 la qualit\u00e9 et \u00e0 la quantit\u00e9 des r\u00e9coltes.<\/li><br> \t<li><strong>Aide \u00e0 la d\u00e9cision agronomique<\/strong>\nCombin\u00e9 aux donn\u00e9es m\u00e9t\u00e9orologiques et aux stades de d\u00e9veloppement des cultures, le pi\u00e9geage des spores devient un outil strat\u00e9gique pour la gestion de la protection des cultures. Basez vos d\u00e9cisions sur des donn\u00e9es concr\u00e8tes plut\u00f4t que sur le calendrier ou l&rsquo;intuition. <\/li><br> \t<li><strong>Pr\u00e9vention de la r\u00e9sistance<\/strong>\nEn ne traitant que lorsque c&rsquo;est n\u00e9cessaire et avec le bon produit, la pression de s\u00e9lection sur les agents pathog\u00e8nes est r\u00e9duite, ce qui ralentit l&rsquo;apparition de la r\u00e9sistance et prolonge l&rsquo;efficacit\u00e9 des fongicides.<\/li><br> \t<li><strong>R\u00e9duction du stress et de l&rsquo;incertitude pour les producteurs<\/strong>\nDes donn\u00e9es claires = un meilleur contr\u00f4le des risques pour la sant\u00e9 des cultures.<\/li><br> \t<li><strong>Valorisation de votre production<\/strong>\nEn d\u00e9montrant l&rsquo;utilisation d&rsquo;outils de contr\u00f4le avanc\u00e9s, vous renforcez votre image aupr\u00e8s des clients, des transformateurs ou des distributeurs.<\/li><br> \t<li><strong>Alertes r\u00e9gionales et effet \u00ab\u00a0immunit\u00e9 du troupeau\u00a0\u00bb<\/strong>\nEn d\u00e9tectant les premi\u00e8res apparitions de spores et en partageant rapidement l&rsquo;information, les producteurs peuvent r\u00e9agir \u00e0 temps, limitant ainsi la propagation de la maladie et contribuant \u00e0 prot\u00e9ger toute une r\u00e9gion agricole.<\/li><br><\/ul>\t\t\t\t\t\t\t\t<\/div>\n\t\t\t\t<\/div>\n\t\t\t\t\t<\/div>\n\t\t\t\t<\/div>\n\t\t\t\t<\/div>\n\t\t","protected":false},"excerpt":{"rendered":"<p>D\u00e9tection pr\u00e9coce des maladies Le pi\u00e9geage des spores permet d&rsquo;identifier les pathog\u00e8nes d\u00e8s leur apparition dans l&rsquo;environnement, avant que les sympt\u00f4mes ne soient visibles sur les plantes. Interventions cibl\u00e9es et optimis\u00e9es En sachant exactement quel pathog\u00e8ne est pr\u00e9sent, il devient possible de choisir le fongicide le plus appropri\u00e9, maximisant ainsi l&rsquo;efficacit\u00e9 de l&rsquo;intervention tout en [&hellip;]<\/p>\n","protected":false},"author":8,"featured_media":0,"parent":0,"menu_order":0,"comment_status":"closed","ping_status":"closed","template":"","meta":{"_eb_attr":"","_uag_custom_page_level_css":"","footnotes":""},"class_list":["post-8193","page","type-page","status-publish","hentry"],"yoast_head":"<!-- This site is optimized with the Yoast SEO plugin v27.4 - https:\/\/yoast.com\/product\/yoast-seo-wordpress\/ -->\n<title>Avantages de la capture des spores - AIR<\/title>\n<meta name=\"robots\" content=\"index, follow, max-snippet:-1, max-image-preview:large, max-video-preview:-1\" \/>\n<link rel=\"canonical\" href=\"https:\/\/airspore.com\/fr\/benefits-of-spore-capture\/\" \/>\n<meta property=\"og:locale\" content=\"fr_FR\" \/>\n<meta property=\"og:type\" content=\"article\" \/>\n<meta property=\"og:title\" content=\"Avantages de la capture des spores - AIR\" \/>\n<meta property=\"og:description\" content=\"D\u00e9tection pr\u00e9coce des maladies Le pi\u00e9geage des spores permet d&rsquo;identifier les pathog\u00e8nes d\u00e8s leur apparition dans l&rsquo;environnement, avant que les sympt\u00f4mes ne soient visibles sur les plantes. Interventions cibl\u00e9es et optimis\u00e9es En sachant exactement quel pathog\u00e8ne est pr\u00e9sent, il devient possible de choisir le fongicide le plus appropri\u00e9, maximisant ainsi l&rsquo;efficacit\u00e9 de l&rsquo;intervention tout en [&hellip;]\" \/>\n<meta property=\"og:url\" content=\"https:\/\/airspore.com\/fr\/benefits-of-spore-capture\/\" \/>\n<meta property=\"og:site_name\" content=\"AIR\" \/>\n<meta property=\"article:publisher\" content=\"https:\/\/www.facebook.com\/airspore\/\" \/>\n<meta property=\"article:modified_time\" content=\"2025-09-22T20:26:16+00:00\" \/>\n<meta property=\"og:image\" content=\"https:\/\/airspore.com\/wp-content\/uploads\/2023\/01\/bGSAEoPoAd.png\" \/>\n\t<meta property=\"og:image:width\" content=\"1042\" \/>\n\t<meta property=\"og:image:height\" content=\"568\" \/>\n\t<meta property=\"og:image:type\" content=\"image\/png\" \/>\n<meta name=\"twitter:card\" content=\"summary_large_image\" \/>\n<meta name=\"twitter:label1\" content=\"Dur\u00e9e de lecture estim\u00e9e\" \/>\n\t<meta name=\"twitter:data1\" content=\"2 minutes\" \/>\n<script type=\"application\/ld+json\" class=\"yoast-schema-graph\">{\"@context\":\"https:\\\/\\\/schema.org\",\"@graph\":[{\"@type\":\"WebPage\",\"@id\":\"https:\\\/\\\/airspore.com\\\/fr\\\/benefits-of-spore-capture\\\/\",\"url\":\"https:\\\/\\\/airspore.com\\\/fr\\\/benefits-of-spore-capture\\\/\",\"name\":\"Avantages de la capture des spores - AIR\",\"isPartOf\":{\"@id\":\"https:\\\/\\\/airspore.com\\\/#website\"},\"datePublished\":\"2025-09-22T20:25:53+00:00\",\"dateModified\":\"2025-09-22T20:26:16+00:00\",\"breadcrumb\":{\"@id\":\"https:\\\/\\\/airspore.com\\\/fr\\\/benefits-of-spore-capture\\\/#breadcrumb\"},\"inLanguage\":\"fr-FR\",\"potentialAction\":[{\"@type\":\"ReadAction\",\"target\":[\"https:\\\/\\\/airspore.com\\\/fr\\\/benefits-of-spore-capture\\\/\"]}]},{\"@type\":\"BreadcrumbList\",\"@id\":\"https:\\\/\\\/airspore.com\\\/fr\\\/benefits-of-spore-capture\\\/#breadcrumb\",\"itemListElement\":[{\"@type\":\"ListItem\",\"position\":1,\"name\":\"\u2302\",\"item\":\"https:\\\/\\\/airspore.com\\\/fr\\\/\"},{\"@type\":\"ListItem\",\"position\":2,\"name\":\"Avantages de la capture des spores\"}]},{\"@type\":\"WebSite\",\"@id\":\"https:\\\/\\\/airspore.com\\\/#website\",\"url\":\"https:\\\/\\\/airspore.com\\\/\",\"name\":\"AIR\",\"description\":\"AIR is a preventive fungal disease detection program.\",\"publisher\":{\"@id\":\"https:\\\/\\\/airspore.com\\\/#organization\"},\"alternateName\":\"AIR SPORE INC\",\"potentialAction\":[{\"@type\":\"SearchAction\",\"target\":{\"@type\":\"EntryPoint\",\"urlTemplate\":\"https:\\\/\\\/airspore.com\\\/?s={search_term_string}\"},\"query-input\":{\"@type\":\"PropertyValueSpecification\",\"valueRequired\":true,\"valueName\":\"search_term_string\"}}],\"inLanguage\":\"fr-FR\"},{\"@type\":\"Organization\",\"@id\":\"https:\\\/\\\/airspore.com\\\/#organization\",\"name\":\"AIR\",\"alternateName\":\"AIR SPORE INC.\",\"url\":\"https:\\\/\\\/airspore.com\\\/\",\"logo\":{\"@type\":\"ImageObject\",\"inLanguage\":\"fr-FR\",\"@id\":\"https:\\\/\\\/airspore.com\\\/#\\\/schema\\\/logo\\\/image\\\/\",\"url\":\"https:\\\/\\\/airspore.com\\\/wp-content\\\/uploads\\\/2022\\\/06\\\/Logo-gros-transparentFichier-1.svg\",\"contentUrl\":\"https:\\\/\\\/airspore.com\\\/wp-content\\\/uploads\\\/2022\\\/06\\\/Logo-gros-transparentFichier-1.svg\",\"width\":1,\"height\":1,\"caption\":\"AIR\"},\"image\":{\"@id\":\"https:\\\/\\\/airspore.com\\\/#\\\/schema\\\/logo\\\/image\\\/\"},\"sameAs\":[\"https:\\\/\\\/www.facebook.com\\\/airspore\\\/\",\"https:\\\/\\\/www.instagram.com\\\/airspore.inc\\\/\"]}]}<\/script>\n<!-- \/ Yoast SEO plugin. -->","yoast_head_json":{"title":"Avantages de la capture des spores - AIR","robots":{"index":"index","follow":"follow","max-snippet":"max-snippet:-1","max-image-preview":"max-image-preview:large","max-video-preview":"max-video-preview:-1"},"canonical":"https:\/\/airspore.com\/fr\/benefits-of-spore-capture\/","og_locale":"fr_FR","og_type":"article","og_title":"Avantages de la capture des spores - AIR","og_description":"D\u00e9tection pr\u00e9coce des maladies Le pi\u00e9geage des spores permet d&rsquo;identifier les pathog\u00e8nes d\u00e8s leur apparition dans l&rsquo;environnement, avant que les sympt\u00f4mes ne soient visibles sur les plantes. Interventions cibl\u00e9es et optimis\u00e9es En sachant exactement quel pathog\u00e8ne est pr\u00e9sent, il devient possible de choisir le fongicide le plus appropri\u00e9, maximisant ainsi l&rsquo;efficacit\u00e9 de l&rsquo;intervention tout en [&hellip;]","og_url":"https:\/\/airspore.com\/fr\/benefits-of-spore-capture\/","og_site_name":"AIR","article_publisher":"https:\/\/www.facebook.com\/airspore\/","article_modified_time":"2025-09-22T20:26:16+00:00","og_image":[{"width":1042,"height":568,"url":"https:\/\/airspore.com\/wp-content\/uploads\/2023\/01\/bGSAEoPoAd.png","type":"image\/png"}],"twitter_card":"summary_large_image","twitter_misc":{"Dur\u00e9e de lecture estim\u00e9e":"2 minutes"},"schema":{"@context":"https:\/\/schema.org","@graph":[{"@type":"WebPage","@id":"https:\/\/airspore.com\/fr\/benefits-of-spore-capture\/","url":"https:\/\/airspore.com\/fr\/benefits-of-spore-capture\/","name":"Avantages de la capture des spores - AIR","isPartOf":{"@id":"https:\/\/airspore.com\/#website"},"datePublished":"2025-09-22T20:25:53+00:00","dateModified":"2025-09-22T20:26:16+00:00","breadcrumb":{"@id":"https:\/\/airspore.com\/fr\/benefits-of-spore-capture\/#breadcrumb"},"inLanguage":"fr-FR","potentialAction":[{"@type":"ReadAction","target":["https:\/\/airspore.com\/fr\/benefits-of-spore-capture\/"]}]},{"@type":"BreadcrumbList","@id":"https:\/\/airspore.com\/fr\/benefits-of-spore-capture\/#breadcrumb","itemListElement":[{"@type":"ListItem","position":1,"name":"\u2302","item":"https:\/\/airspore.com\/fr\/"},{"@type":"ListItem","position":2,"name":"Avantages de la capture des spores"}]},{"@type":"WebSite","@id":"https:\/\/airspore.com\/#website","url":"https:\/\/airspore.com\/","name":"AIR","description":"AIR is a preventive fungal disease detection program.","publisher":{"@id":"https:\/\/airspore.com\/#organization"},"alternateName":"AIR SPORE INC","potentialAction":[{"@type":"SearchAction","target":{"@type":"EntryPoint","urlTemplate":"https:\/\/airspore.com\/?s={search_term_string}"},"query-input":{"@type":"PropertyValueSpecification","valueRequired":true,"valueName":"search_term_string"}}],"inLanguage":"fr-FR"},{"@type":"Organization","@id":"https:\/\/airspore.com\/#organization","name":"AIR","alternateName":"AIR SPORE INC.","url":"https:\/\/airspore.com\/","logo":{"@type":"ImageObject","inLanguage":"fr-FR","@id":"https:\/\/airspore.com\/#\/schema\/logo\/image\/","url":"https:\/\/airspore.com\/wp-content\/uploads\/2022\/06\/Logo-gros-transparentFichier-1.svg","contentUrl":"https:\/\/airspore.com\/wp-content\/uploads\/2022\/06\/Logo-gros-transparentFichier-1.svg","width":1,"height":1,"caption":"AIR"},"image":{"@id":"https:\/\/airspore.com\/#\/schema\/logo\/image\/"},"sameAs":["https:\/\/www.facebook.com\/airspore\/","https:\/\/www.instagram.com\/airspore.inc\/"]}]}},"uagb_featured_image_src":{"full":false,"thumbnail":false,"medium":false,"medium_large":false,"large":false,"1536x1536":false,"2048x2048":false},"uagb_author_info":{"display_name":"Gabriel Houle","author_link":"https:\/\/airspore.com\/fr\/author\/gabriel-houle\/"},"uagb_comment_info":0,"uagb_excerpt":"D\u00e9tection pr\u00e9coce des maladies Le pi\u00e9geage des spores permet d&rsquo;identifier les pathog\u00e8nes d\u00e8s leur apparition dans l&rsquo;environnement, avant que les sympt\u00f4mes ne soient visibles sur les plantes. Interventions cibl\u00e9es et optimis\u00e9es En sachant exactement quel pathog\u00e8ne est pr\u00e9sent, il devient possible de choisir le fongicide le plus appropri\u00e9, maximisant ainsi l&rsquo;efficacit\u00e9 de l&rsquo;intervention tout en\u2026","_links":{"self":[{"href":"https:\/\/airspore.com\/fr\/wp-json\/wp\/v2\/pages\/8193","targetHints":{"allow":["GET"]}}],"collection":[{"href":"https:\/\/airspore.com\/fr\/wp-json\/wp\/v2\/pages"}],"about":[{"href":"https:\/\/airspore.com\/fr\/wp-json\/wp\/v2\/types\/page"}],"author":[{"embeddable":true,"href":"https:\/\/airspore.com\/fr\/wp-json\/wp\/v2\/users\/8"}],"replies":[{"embeddable":true,"href":"https:\/\/airspore.com\/fr\/wp-json\/wp\/v2\/comments?post=8193"}],"version-history":[{"count":2,"href":"https:\/\/airspore.com\/fr\/wp-json\/wp\/v2\/pages\/8193\/revisions"}],"predecessor-version":[{"id":8198,"href":"https:\/\/airspore.com\/fr\/wp-json\/wp\/v2\/pages\/8193\/revisions\/8198"}],"wp:attachment":[{"href":"https:\/\/airspore.com\/fr\/wp-json\/wp\/v2\/media?parent=8193"}],"curies":[{"name":"wp","href":"https:\/\/api.w.org\/{rel}","templated":true}]}}