{"id":8178,"date":"2025-09-22T15:17:12","date_gmt":"2025-09-22T20:17:12","guid":{"rendered":"https:\/\/airspore.com\/capture-of-airborne-spores\/"},"modified":"2025-09-22T15:21:11","modified_gmt":"2025-09-22T20:21:11","slug":"capture-of-airborne-spores","status":"publish","type":"page","link":"https:\/\/airspore.com\/fr\/capture-of-airborne-spores\/","title":{"rendered":"Capture des spores en suspension dans l&rsquo;air"},"content":{"rendered":"\t\t<div data-elementor-type=\"wp-page\" data-elementor-id=\"8178\" class=\"elementor elementor-8178 elementor-8173\" data-elementor-post-type=\"page\">\n\t\t\t\t<div class=\"elementor-element elementor-element-01872fd e-flex e-con-boxed e-con e-parent\" data-id=\"01872fd\" data-element_type=\"container\" data-e-type=\"container\">\n\t\t\t\t\t<div class=\"e-con-inner\">\n\t\t\t\t\t<\/div>\n\t\t\t\t<\/div>\n\t\t<div class=\"elementor-element elementor-element-3ecd7e6 e-flex e-con-boxed e-con e-parent\" data-id=\"3ecd7e6\" data-element_type=\"container\" data-e-type=\"container\">\n\t\t\t\t\t<div class=\"e-con-inner\">\n\t\t\t\t<div class=\"elementor-element elementor-element-14de104 elementor-widget elementor-widget-text-editor\" data-id=\"14de104\" data-element_type=\"widget\" data-e-type=\"widget\" data-widget_type=\"text-editor.default\">\n\t\t\t\t<div class=\"elementor-widget-container\">\n\t\t\t\t\t\t\t\t\t<p>L&rsquo;\u00e9chantillonnage des spores est une m\u00e9thode de surveillance pr\u00e9ventive qui permet de d\u00e9tecter dans l&rsquo;air ambiant la pr\u00e9sence de spores de champignons responsables de maladies des plantes. En identifiant ces spores avant l&rsquo;apparition des sympt\u00f4mes, il devient possible d&rsquo;agir au bon moment, avec les bons outils. <\/p><p> <\/p><p>Des appareils install\u00e9s directement dans les champs ou \u00e0 proximit\u00e9 collectent les particules en suspension dans l&rsquo;air, qui sont ensuite analys\u00e9es en laboratoire. Les rapports d&rsquo;analyse sont envoy\u00e9s aux producteurs dans les 24 \u00e0 48 heures, ce qui permet une prise de d\u00e9cision rapide et \u00e9clair\u00e9e. <\/p><p> <\/p><p>Pour une meilleure interpr\u00e9tation des risques, la num\u00e9ration des spores est combin\u00e9e \u00e0 des indices m\u00e9t\u00e9orologiques (temp\u00e9rature, humidit\u00e9, pr\u00e9cipitations, etc.), qui indiquent si les conditions r\u00e9centes ont \u00e9t\u00e9 propices au d\u00e9veloppement de maladies fongiques. Cette combinaison d&rsquo;indicateurs biologiques et environnementaux permet une \u00e9valuation plus compl\u00e8te du risque phytosanitaire. <\/p><p> <\/p><p>En agissant d\u00e8s les premiers signes de pr\u00e9sence de spores, avant toute infection \u00e9vidente des cultures, il devient possible d&rsquo;appliquer les traitements appropri\u00e9s au moment id\u00e9al et avec la plus grande efficacit\u00e9. La capture des spores est donc un outil essentiel pour la gestion pr\u00e9ventive des maladies, la r\u00e9duction des pertes \u00e9conomiques, l&rsquo;optimisation des rendements et la promotion d&rsquo;une agriculture plus durable et plus rationnelle. <\/p>\t\t\t\t\t\t\t\t<\/div>\n\t\t\t\t<\/div>\n\t\t\t\t\t<\/div>\n\t\t\t\t<\/div>\n\t\t\t\t<\/div>\n\t\t","protected":false},"excerpt":{"rendered":"<p>L&rsquo;\u00e9chantillonnage des spores est une m\u00e9thode de surveillance pr\u00e9ventive qui permet de d\u00e9tecter dans l&rsquo;air ambiant la pr\u00e9sence de spores de champignons responsables de maladies des plantes. En identifiant ces spores avant l&rsquo;apparition des sympt\u00f4mes, il devient possible d&rsquo;agir au bon moment, avec les bons outils. Des appareils install\u00e9s directement dans les champs ou \u00e0 [&hellip;]<\/p>\n","protected":false},"author":8,"featured_media":0,"parent":0,"menu_order":0,"comment_status":"closed","ping_status":"closed","template":"","meta":{"_eb_attr":"","_uag_custom_page_level_css":"","footnotes":""},"class_list":["post-8178","page","type-page","status-publish","hentry"],"yoast_head":"<!-- This site is optimized with the Yoast SEO plugin v27.5 - https:\/\/yoast.com\/product\/yoast-seo-wordpress\/ -->\n<title>Capture des spores en suspension dans l&#039;air - AIR<\/title>\n<meta name=\"robots\" content=\"index, follow, max-snippet:-1, max-image-preview:large, max-video-preview:-1\" \/>\n<link rel=\"canonical\" href=\"https:\/\/airspore.com\/capture-of-airborne-spores\/\" \/>\n<meta property=\"og:locale\" content=\"fr_FR\" \/>\n<meta property=\"og:type\" content=\"article\" \/>\n<meta property=\"og:title\" content=\"Capture des spores en suspension dans l&#039;air - AIR\" \/>\n<meta property=\"og:description\" content=\"L&rsquo;\u00e9chantillonnage des spores est une m\u00e9thode de surveillance pr\u00e9ventive qui permet de d\u00e9tecter dans l&rsquo;air ambiant la pr\u00e9sence de spores de champignons responsables de maladies des plantes. En identifiant ces spores avant l&rsquo;apparition des sympt\u00f4mes, il devient possible d&rsquo;agir au bon moment, avec les bons outils. Des appareils install\u00e9s directement dans les champs ou \u00e0 [&hellip;]\" \/>\n<meta property=\"og:url\" content=\"https:\/\/airspore.com\/capture-of-airborne-spores\/\" \/>\n<meta property=\"og:site_name\" content=\"AIR\" \/>\n<meta property=\"article:publisher\" content=\"https:\/\/www.facebook.com\/airspore\/\" \/>\n<meta property=\"article:modified_time\" content=\"2025-09-22T20:21:11+00:00\" \/>\n<meta property=\"og:image\" content=\"https:\/\/airspore.com\/wp-content\/uploads\/2023\/01\/bGSAEoPoAd.png\" \/>\n\t<meta property=\"og:image:width\" content=\"1042\" \/>\n\t<meta property=\"og:image:height\" content=\"568\" \/>\n\t<meta property=\"og:image:type\" content=\"image\/png\" \/>\n<meta name=\"twitter:card\" content=\"summary_large_image\" \/>\n<meta name=\"twitter:label1\" content=\"Dur\u00e9e de lecture estim\u00e9e\" \/>\n\t<meta name=\"twitter:data1\" content=\"1 minute\" \/>\n<script type=\"application\/ld+json\" class=\"yoast-schema-graph\">{\"@context\":\"https:\\\/\\\/schema.org\",\"@graph\":[{\"@type\":\"WebPage\",\"@id\":\"https:\\\/\\\/airspore.com\\\/capture-of-airborne-spores\\\/\",\"url\":\"https:\\\/\\\/airspore.com\\\/capture-of-airborne-spores\\\/\",\"name\":\"Capture des spores en suspension dans l'air - AIR\",\"isPartOf\":{\"@id\":\"https:\\\/\\\/airspore.com\\\/#website\"},\"datePublished\":\"2025-09-22T20:17:12+00:00\",\"dateModified\":\"2025-09-22T20:21:11+00:00\",\"breadcrumb\":{\"@id\":\"https:\\\/\\\/airspore.com\\\/capture-of-airborne-spores\\\/#breadcrumb\"},\"inLanguage\":\"fr-FR\",\"potentialAction\":[{\"@type\":\"ReadAction\",\"target\":[\"https:\\\/\\\/airspore.com\\\/capture-of-airborne-spores\\\/\"]}]},{\"@type\":\"BreadcrumbList\",\"@id\":\"https:\\\/\\\/airspore.com\\\/capture-of-airborne-spores\\\/#breadcrumb\",\"itemListElement\":[{\"@type\":\"ListItem\",\"position\":1,\"name\":\"\u2302\",\"item\":\"https:\\\/\\\/airspore.com\\\/fr\\\/\"},{\"@type\":\"ListItem\",\"position\":2,\"name\":\"Capture des spores en suspension dans l&#8217;air\"}]},{\"@type\":\"WebSite\",\"@id\":\"https:\\\/\\\/airspore.com\\\/#website\",\"url\":\"https:\\\/\\\/airspore.com\\\/\",\"name\":\"AIR\",\"description\":\"AIR is a preventive fungal disease detection program.\",\"publisher\":{\"@id\":\"https:\\\/\\\/airspore.com\\\/#organization\"},\"alternateName\":\"AIR SPORE INC\",\"potentialAction\":[{\"@type\":\"SearchAction\",\"target\":{\"@type\":\"EntryPoint\",\"urlTemplate\":\"https:\\\/\\\/airspore.com\\\/?s={search_term_string}\"},\"query-input\":{\"@type\":\"PropertyValueSpecification\",\"valueRequired\":true,\"valueName\":\"search_term_string\"}}],\"inLanguage\":\"fr-FR\"},{\"@type\":\"Organization\",\"@id\":\"https:\\\/\\\/airspore.com\\\/#organization\",\"name\":\"AIR\",\"alternateName\":\"AIR SPORE INC.\",\"url\":\"https:\\\/\\\/airspore.com\\\/\",\"logo\":{\"@type\":\"ImageObject\",\"inLanguage\":\"fr-FR\",\"@id\":\"https:\\\/\\\/airspore.com\\\/#\\\/schema\\\/logo\\\/image\\\/\",\"url\":\"https:\\\/\\\/airspore.com\\\/wp-content\\\/uploads\\\/2022\\\/06\\\/Logo-gros-transparentFichier-1.svg\",\"contentUrl\":\"https:\\\/\\\/airspore.com\\\/wp-content\\\/uploads\\\/2022\\\/06\\\/Logo-gros-transparentFichier-1.svg\",\"width\":1,\"height\":1,\"caption\":\"AIR\"},\"image\":{\"@id\":\"https:\\\/\\\/airspore.com\\\/#\\\/schema\\\/logo\\\/image\\\/\"},\"sameAs\":[\"https:\\\/\\\/www.facebook.com\\\/airspore\\\/\",\"https:\\\/\\\/www.instagram.com\\\/airspore.inc\\\/\"]}]}<\/script>\n<!-- \/ Yoast SEO plugin. -->","yoast_head_json":{"title":"Capture des spores en suspension dans l'air - AIR","robots":{"index":"index","follow":"follow","max-snippet":"max-snippet:-1","max-image-preview":"max-image-preview:large","max-video-preview":"max-video-preview:-1"},"canonical":"https:\/\/airspore.com\/capture-of-airborne-spores\/","og_locale":"fr_FR","og_type":"article","og_title":"Capture des spores en suspension dans l'air - AIR","og_description":"L&rsquo;\u00e9chantillonnage des spores est une m\u00e9thode de surveillance pr\u00e9ventive qui permet de d\u00e9tecter dans l&rsquo;air ambiant la pr\u00e9sence de spores de champignons responsables de maladies des plantes. En identifiant ces spores avant l&rsquo;apparition des sympt\u00f4mes, il devient possible d&rsquo;agir au bon moment, avec les bons outils. Des appareils install\u00e9s directement dans les champs ou \u00e0 [&hellip;]","og_url":"https:\/\/airspore.com\/capture-of-airborne-spores\/","og_site_name":"AIR","article_publisher":"https:\/\/www.facebook.com\/airspore\/","article_modified_time":"2025-09-22T20:21:11+00:00","og_image":[{"width":1042,"height":568,"url":"https:\/\/airspore.com\/wp-content\/uploads\/2023\/01\/bGSAEoPoAd.png","type":"image\/png"}],"twitter_card":"summary_large_image","twitter_misc":{"Dur\u00e9e de lecture estim\u00e9e":"1 minute"},"schema":{"@context":"https:\/\/schema.org","@graph":[{"@type":"WebPage","@id":"https:\/\/airspore.com\/capture-of-airborne-spores\/","url":"https:\/\/airspore.com\/capture-of-airborne-spores\/","name":"Capture des spores en suspension dans l'air - AIR","isPartOf":{"@id":"https:\/\/airspore.com\/#website"},"datePublished":"2025-09-22T20:17:12+00:00","dateModified":"2025-09-22T20:21:11+00:00","breadcrumb":{"@id":"https:\/\/airspore.com\/capture-of-airborne-spores\/#breadcrumb"},"inLanguage":"fr-FR","potentialAction":[{"@type":"ReadAction","target":["https:\/\/airspore.com\/capture-of-airborne-spores\/"]}]},{"@type":"BreadcrumbList","@id":"https:\/\/airspore.com\/capture-of-airborne-spores\/#breadcrumb","itemListElement":[{"@type":"ListItem","position":1,"name":"\u2302","item":"https:\/\/airspore.com\/fr\/"},{"@type":"ListItem","position":2,"name":"Capture des spores en suspension dans l&#8217;air"}]},{"@type":"WebSite","@id":"https:\/\/airspore.com\/#website","url":"https:\/\/airspore.com\/","name":"AIR","description":"AIR is a preventive fungal disease detection program.","publisher":{"@id":"https:\/\/airspore.com\/#organization"},"alternateName":"AIR SPORE INC","potentialAction":[{"@type":"SearchAction","target":{"@type":"EntryPoint","urlTemplate":"https:\/\/airspore.com\/?s={search_term_string}"},"query-input":{"@type":"PropertyValueSpecification","valueRequired":true,"valueName":"search_term_string"}}],"inLanguage":"fr-FR"},{"@type":"Organization","@id":"https:\/\/airspore.com\/#organization","name":"AIR","alternateName":"AIR SPORE INC.","url":"https:\/\/airspore.com\/","logo":{"@type":"ImageObject","inLanguage":"fr-FR","@id":"https:\/\/airspore.com\/#\/schema\/logo\/image\/","url":"https:\/\/airspore.com\/wp-content\/uploads\/2022\/06\/Logo-gros-transparentFichier-1.svg","contentUrl":"https:\/\/airspore.com\/wp-content\/uploads\/2022\/06\/Logo-gros-transparentFichier-1.svg","width":1,"height":1,"caption":"AIR"},"image":{"@id":"https:\/\/airspore.com\/#\/schema\/logo\/image\/"},"sameAs":["https:\/\/www.facebook.com\/airspore\/","https:\/\/www.instagram.com\/airspore.inc\/"]}]}},"uagb_featured_image_src":{"full":false,"thumbnail":false,"medium":false,"medium_large":false,"large":false,"1536x1536":false,"2048x2048":false},"uagb_author_info":{"display_name":"Gabriel Houle","author_link":"https:\/\/airspore.com\/fr\/author\/gabriel-houle\/"},"uagb_comment_info":0,"uagb_excerpt":"L&rsquo;\u00e9chantillonnage des spores est une m\u00e9thode de surveillance pr\u00e9ventive qui permet de d\u00e9tecter dans l&rsquo;air ambiant la pr\u00e9sence de spores de champignons responsables de maladies des plantes. En identifiant ces spores avant l&rsquo;apparition des sympt\u00f4mes, il devient possible d&rsquo;agir au bon moment, avec les bons outils. Des appareils install\u00e9s directement dans les champs ou \u00e0\u2026","_links":{"self":[{"href":"https:\/\/airspore.com\/fr\/wp-json\/wp\/v2\/pages\/8178","targetHints":{"allow":["GET"]}}],"collection":[{"href":"https:\/\/airspore.com\/fr\/wp-json\/wp\/v2\/pages"}],"about":[{"href":"https:\/\/airspore.com\/fr\/wp-json\/wp\/v2\/types\/page"}],"author":[{"embeddable":true,"href":"https:\/\/airspore.com\/fr\/wp-json\/wp\/v2\/users\/8"}],"replies":[{"embeddable":true,"href":"https:\/\/airspore.com\/fr\/wp-json\/wp\/v2\/comments?post=8178"}],"version-history":[{"count":2,"href":"https:\/\/airspore.com\/fr\/wp-json\/wp\/v2\/pages\/8178\/revisions"}],"predecessor-version":[{"id":8187,"href":"https:\/\/airspore.com\/fr\/wp-json\/wp\/v2\/pages\/8178\/revisions\/8187"}],"wp:attachment":[{"href":"https:\/\/airspore.com\/fr\/wp-json\/wp\/v2\/media?parent=8178"}],"curies":[{"name":"wp","href":"https:\/\/api.w.org\/{rel}","templated":true}]}}