{"id":7234,"date":"2023-09-01T15:41:56","date_gmt":"2023-09-01T20:41:56","guid":{"rendered":"https:\/\/airspore.com\/?page_id=7234"},"modified":"2023-09-01T15:51:34","modified_gmt":"2023-09-01T20:51:34","slug":"politique-confidentialite","status":"publish","type":"page","link":"https:\/\/airspore.com\/fr\/politique-confidentialite\/","title":{"rendered":"Politique sur la gestion et protection des renseignements personnels"},"content":{"rendered":"\t\t<div data-elementor-type=\"wp-page\" data-elementor-id=\"7234\" class=\"elementor elementor-7234\" data-elementor-post-type=\"page\">\n\t\t\t\t<div class=\"elementor-element elementor-element-4405c05 e-flex e-con-boxed e-con e-parent\" data-id=\"4405c05\" data-element_type=\"container\" data-e-type=\"container\">\n\t\t\t\t\t<div class=\"e-con-inner\">\n\t\t\t\t<div class=\"elementor-element elementor-element-2c8fe54 elementor-widget elementor-widget-text-editor\" data-id=\"2c8fe54\" data-element_type=\"widget\" data-e-type=\"widget\" data-widget_type=\"text-editor.default\">\n\t\t\t\t<div class=\"elementor-widget-container\">\n\t\t\t\t\t\t\t\t\t<p><\/p><p><strong>POLITIQUE SUR LE RESPECT DE LA VIE PRIV\u00c9E<\/strong><\/p><p> <\/p><p>Le Groupe Expertb\u00e2timent inc. accorde depuis toujours une grande importance \u00e0 la protection des renseignements qui sont sous sa responsabilit\u00e9. La Loi modernisant les dispositions l\u00e9gislatives en mati\u00e8re de protection des renseignements personnels vient standardiser cette approche en d\u00e9finissant les r\u00e8gles et proc\u00e9dures d\u2019acquisition, de conservation et d\u2019utilisation des donn\u00e9es personnelles par les organismes priv\u00e9s et publics.<\/p><p> <\/p><p>La politique qui suit pr\u00e9cise les principes du Groupe Expertb\u00e2timent inc. (et ses filiales) en mati\u00e8re de protection des renseignements personnels.<\/p><p> <\/p><p>D\u00e9finition et champs d\u2019application<br \/>La politique s\u2019applique \u00e0 tous les employ\u00e9s du Groupe Expertb\u00e2timent inc. travaillant sur le territoire de la province de Qu\u00e9bec et\/ou responsable de la collecte ou ayant acc\u00e8s aux donn\u00e9es concernant des personnes r\u00e9sident sur ce territoire.<\/p><p> <\/p><p>Tous renseignements personnels sous la responsabilit\u00e9 du Groupe Expertb\u00e2timent inc. sont consid\u00e9r\u00e9s comme confidentiels \u00e0 l\u2019exception des renseignements ayant un caract\u00e8re public au sens de la loi.<\/p><p> <\/p><p>Les renseignements personnels sont ceux qui portent sur une personne physique et permettent de l\u2019identifier autre que dans un contexte professionnel comme le seraient son nom, sa fonction, ses adresse et num\u00e9ro de t\u00e9l\u00e9phone au travail et son adresse de courrier \u00e9lectronique professionnel. Sauf exceptions, ils ne peuvent \u00eatre communiqu\u00e9s sans le consentement de la personne concern\u00e9e.<\/p><p> <\/p><p>Parmi les exceptions figures les cas suivants\u00a0:<br \/>lorsque leur utilisation est \u00e0 des fins compatibles avec celles pour lesquelles ils ont \u00e9t\u00e9 recueillis et qu\u2019elle sert la personne concern\u00e9e;<br \/>lorsque leur utilisation est n\u00e9cessaire \u00e0 la pr\u00e9vention ou \u00e0 la d\u00e9tection d\u2019une fraude, ou \u00e0 l\u2019\u00e9valuation et \u00e0 l\u2019am\u00e9lioration de mesures de protection et de s\u00e9curit\u00e9;<br \/>lorsque leur utilisation est n\u00e9cessaire \u00e0 la fourniture d\u2019un produit ou \u00e0 la prestation d\u2019un service demand\u00e9.<\/p><p> <\/p><p><strong>COLLECTE ET UTILISATION DES DONN\u00c9ES<\/strong><\/p><p> <\/p><p>Groupe Expertb\u00e2timent inc. n\u2019utilise et ne communique pas de renseignements personnels \u00e0 d\u2019autres fins que celles pour lesquelles ceux-ci ont \u00e9t\u00e9 recueillis, sauf avec le consentement du particulier ou selon ce que la loi exige ou permet.<br \/><br \/>Les donn\u00e9es recueillis par Expertb\u00e2timent inc. ont de multiple sources (formulaires de demande \u00e9lectronique, appels t\u00e9l\u00e9phoniques, relev\u00e9s terrains, prise de photos du b\u00e2timent, donn\u00e9es de paiement, etc.). Ces informations ont pour but premier de d\u00e9livrer le service pour lequel nous avons \u00e9t\u00e9 mandat\u00e9.<br \/>Conform\u00e9ment \u00e0 la Loi modernisant les dispositions l\u00e9gislatives en mati\u00e8re de protection des renseignements personnels, les renseignements sont conserv\u00e9s dans un d\u00e9lai raisonnable permettant minimalement de rencontrer les fins pour lesquelles ils ont \u00e9t\u00e9 collect\u00e9s.<br \/><br \/>Aussi, en vertu de r\u00e8gles d\u2019accr\u00e9ditation, de conformit\u00e9 gouvernementale ou de responsabilit\u00e9s professionnelles, certains renseignements pourraient \u00eatre conserv\u00e9s plus longtemps. De plus, dans le but d\u2019assurer la qualit\u00e9 et l\u2019am\u00e9lioration de nos produits et services, des donn\u00e9es d\u00e9personnalis\u00e9es pourraient \u00eatre conserv\u00e9es pour fins statistiques.<br \/>Le Groupe Expertb\u00e2timent inc. d\u00e9ploie tous les efforts n\u00e9cessaires afin de maximiser la s\u00e9curit\u00e9 de vos donn\u00e9es par la s\u00e9curisation de nos serveurs et de nos modes de transfert d\u2019information, par la formation de notre personnel et par la mise en \u0153uvre de nos proc\u00e9dures de gestion de l\u2019information.<\/p><p> <\/p><p><strong>D\u00c9CLARATION DE CONSENTEMENT ET ACCESSIBILIT\u00c9<\/strong><\/p><p> <\/p><p>Sous r\u00e9serve des lois et r\u00e8glements, vous pouvez exiger l\u2019acc\u00e8s \u00e0 vos donn\u00e9es personnelles \u00e0 tout moment pour fins de consultation ou encore pour modification (si compatible avec les fins pour lesquelles les renseignements sont destin\u00e9s).<br \/><br \/>Si des renseignements confidentiels doivent \u00eatre partag\u00e9s hors Qu\u00e9bec, ceux-ci seront soumis \u00e0 une \u00c9valuation des facteurs relatifs \u00e0 la vie priv\u00e9e (EFVP) selon les recommandations de la Commission sur l\u2019acc\u00e8s \u00e0 l\u2019information du Qu\u00e9bec.\u00a0<\/p><p> <\/p><p>Tous les \u00e9ventuels partenaires ou sous-traitants d\u2019Expertb\u00e2timent sont \u00e9galement soumis \u00e0 la Loi modernisant les dispositions l\u00e9gislatives en mati\u00e8re de protection des renseignements personnels. Nous ne partageons pas vos renseignements personnels avec des entreprises, des organisations, ni des personnes ext\u00e9rieures \u00e0 Groupe Expertb\u00e2timent inc., \u00e0 l\u2019exception de nos fournisseurs et partenaires autoris\u00e9s qui ont besoin d\u2019avoir acc\u00e8s aux renseignements pour les fins \u00e9num\u00e9r\u00e9es \u00e0 la pr\u00e9sente politique et dans les limites de celle-ci. \u00c0 noter que certaines donn\u00e9es peuvent toutefois \u00eatre physiquement conserv\u00e9es sur des serveurs infonuagiques s\u00e9curis\u00e9s hors du pays. L\u2019acc\u00e8s \u00e0 ces donn\u00e9es est monitor\u00e9 et limit\u00e9 au personnel autoris\u00e9 du Groupe Expertb\u00e2timent inc.<br \/>Pour des fins r\u00e9glementaires, de d\u00e9livrance du service demand\u00e9 ou de participation \u00e0 des programmes gouvernementaux, certaines informations peuvent \u00eatre transmises \u00e0 diff\u00e9rents intervenants gouvernementaux ou priv\u00e9s.<\/p><p> <\/p><p>De mani\u00e8re g\u00e9n\u00e9rale, la client\u00e8le faisant une demande de service aupr\u00e8s des entreprises de Groupe Expertb\u00e2timent inc. en transmettant des donn\u00e9es confidentielles sera r\u00e9put\u00e9e avoir donn\u00e9 son consentement d\u2019utilisation de donn\u00e9es aux fins de d\u00e9livrance du service demand\u00e9. Les donn\u00e9es seront conserv\u00e9es et d\u00e9truites par la suite selon les modalit\u00e9s des proc\u00e9dures internes de la politique sur le respect de la vie priv\u00e9e. Si, pour une raison ou une autre la dur\u00e9e de conservation ou les fins d\u2019utilisation devaient changer, le consentement ne sera plus consid\u00e9r\u00e9 comme valable.<br \/>\u00c0 noter que toute personne peut retirer ce consentement \u00e0 tout moment. Ce retrait pourrait toutefois avoir un effet sur notre capacit\u00e9 \u00e0 d\u00e9livrer le service demand\u00e9.<\/p><p> <\/p><p><strong>\u00ab COOKIES \u00bb ET SERVICES WEB<\/strong><\/p><p> <\/p><p>Le Groupe Expertb\u00e2timent inc. peut utiliser des fichiers t\u00e9moins (\u00ab cookies \u00bb), des balises Internet, des pixels invisibles, des fichiers journal ou autres technologies pour collecter certains renseignements personnels relatifs aux visiteurs sur nos sites Web, ainsi que sur les destinataires de nos infolettres, invitations et autres communications. Les t\u00e9moins sont des \u00e9l\u00e9ments d\u2019information transmis par le serveur au navigateur lors d\u2019une visite du site Internet et qui permettent d\u2019identifier de fa\u00e7on unique la connexion en cours. Ces donn\u00e9es peuvent inclure des informations telles que votre adresse Internet (IP), le type de navigateur, la version du navigateur, les pages de notre site que vous consultez, l\u2019heure et la date de votre visite, le temps de consultation et toutes autres statistiques.<\/p><p> <\/p><p><strong>CONFORMIT\u00c9 ET DEMANDES DE RENSEIGNEMENTS<\/strong><\/p><p> <\/p><p>Le responsable de la protection des renseignements personnels a pour fonction d\u2019assurer le respect et la mise en \u0153uvre de la Loi sur le secteur priv\u00e9. Il doit en outre, s\u2019assurer de l\u2019application de la Politique et de sa r\u00e9vision p\u00e9riodique.<\/p><p> <\/p><p><strong>POUR TOUTE QUESTION OU RENSEIGNEMENT SUPPL\u00c9MENTAIRE :<\/strong><\/p><p> <\/p><p>Responsable : Christian L. Jacob<br \/>Renseignements@expertbatiment.ca<\/p>\t\t\t\t\t\t\t\t<\/div>\n\t\t\t\t<\/div>\n\t\t\t\t\t<\/div>\n\t\t\t\t<\/div>\n\t\t\t\t<\/div>\n\t\t","protected":false},"excerpt":{"rendered":"<p>POLITIQUE SUR LE RESPECT DE LA VIE PRIV\u00c9E Le Groupe Expertb\u00e2timent inc. accorde depuis toujours une grande importance \u00e0 la protection des renseignements qui sont sous sa responsabilit\u00e9. La Loi modernisant les dispositions l\u00e9gislatives en mati\u00e8re de protection des renseignements personnels vient standardiser cette approche en d\u00e9finissant les r\u00e8gles et proc\u00e9dures d\u2019acquisition, de conservation et [&hellip;]<\/p>\n","protected":false},"author":8,"featured_media":0,"parent":0,"menu_order":0,"comment_status":"closed","ping_status":"closed","template":"elementor_theme","meta":{"_eb_attr":"","_uag_custom_page_level_css":"","footnotes":""},"class_list":["post-7234","page","type-page","status-publish","hentry"],"yoast_head":"<!-- This site is optimized with the Yoast SEO plugin v27.4 - https:\/\/yoast.com\/product\/yoast-seo-wordpress\/ -->\n<title>Politique sur la gestion et protection des renseignements personnels - AIR<\/title>\n<meta name=\"robots\" content=\"index, follow, max-snippet:-1, max-image-preview:large, max-video-preview:-1\" \/>\n<link rel=\"canonical\" href=\"https:\/\/airspore.com\/fr\/politique-confidentialite\/\" \/>\n<meta property=\"og:locale\" content=\"fr_FR\" \/>\n<meta property=\"og:type\" content=\"article\" \/>\n<meta property=\"og:title\" content=\"Politique sur la gestion et protection des renseignements personnels - AIR\" \/>\n<meta property=\"og:description\" content=\"POLITIQUE SUR LE RESPECT DE LA VIE PRIV\u00c9E Le Groupe Expertb\u00e2timent inc. accorde depuis toujours une grande importance \u00e0 la protection des renseignements qui sont sous sa responsabilit\u00e9. La Loi modernisant les dispositions l\u00e9gislatives en mati\u00e8re de protection des renseignements personnels vient standardiser cette approche en d\u00e9finissant les r\u00e8gles et proc\u00e9dures d\u2019acquisition, de conservation et [&hellip;]\" \/>\n<meta property=\"og:url\" content=\"https:\/\/airspore.com\/fr\/politique-confidentialite\/\" \/>\n<meta property=\"og:site_name\" content=\"AIR\" \/>\n<meta property=\"article:publisher\" content=\"https:\/\/www.facebook.com\/airspore\/\" \/>\n<meta property=\"article:modified_time\" content=\"2023-09-01T20:51:34+00:00\" \/>\n<meta property=\"og:image\" content=\"https:\/\/airspore.com\/wp-content\/uploads\/2023\/01\/bGSAEoPoAd.png\" \/>\n\t<meta property=\"og:image:width\" content=\"1042\" \/>\n\t<meta property=\"og:image:height\" content=\"568\" \/>\n\t<meta property=\"og:image:type\" content=\"image\/png\" \/>\n<meta name=\"twitter:card\" content=\"summary_large_image\" \/>\n<meta name=\"twitter:label1\" content=\"Dur\u00e9e de lecture estim\u00e9e\" \/>\n\t<meta name=\"twitter:data1\" content=\"6 minutes\" \/>\n<script type=\"application\/ld+json\" class=\"yoast-schema-graph\">{\"@context\":\"https:\\\/\\\/schema.org\",\"@graph\":[{\"@type\":\"WebPage\",\"@id\":\"https:\\\/\\\/airspore.com\\\/fr\\\/politique-confidentialite\\\/\",\"url\":\"https:\\\/\\\/airspore.com\\\/fr\\\/politique-confidentialite\\\/\",\"name\":\"Politique sur la gestion et protection des renseignements personnels - AIR\",\"isPartOf\":{\"@id\":\"https:\\\/\\\/airspore.com\\\/#website\"},\"datePublished\":\"2023-09-01T20:41:56+00:00\",\"dateModified\":\"2023-09-01T20:51:34+00:00\",\"breadcrumb\":{\"@id\":\"https:\\\/\\\/airspore.com\\\/fr\\\/politique-confidentialite\\\/#breadcrumb\"},\"inLanguage\":\"fr-FR\",\"potentialAction\":[{\"@type\":\"ReadAction\",\"target\":[\"https:\\\/\\\/airspore.com\\\/fr\\\/politique-confidentialite\\\/\"]}]},{\"@type\":\"BreadcrumbList\",\"@id\":\"https:\\\/\\\/airspore.com\\\/fr\\\/politique-confidentialite\\\/#breadcrumb\",\"itemListElement\":[{\"@type\":\"ListItem\",\"position\":1,\"name\":\"\u2302\",\"item\":\"https:\\\/\\\/airspore.com\\\/fr\\\/\"},{\"@type\":\"ListItem\",\"position\":2,\"name\":\"Politique sur la gestion et protection des renseignements personnels\"}]},{\"@type\":\"WebSite\",\"@id\":\"https:\\\/\\\/airspore.com\\\/#website\",\"url\":\"https:\\\/\\\/airspore.com\\\/\",\"name\":\"AIR\",\"description\":\"AIR is a preventive fungal disease detection program.\",\"publisher\":{\"@id\":\"https:\\\/\\\/airspore.com\\\/#organization\"},\"alternateName\":\"AIR SPORE INC\",\"potentialAction\":[{\"@type\":\"SearchAction\",\"target\":{\"@type\":\"EntryPoint\",\"urlTemplate\":\"https:\\\/\\\/airspore.com\\\/?s={search_term_string}\"},\"query-input\":{\"@type\":\"PropertyValueSpecification\",\"valueRequired\":true,\"valueName\":\"search_term_string\"}}],\"inLanguage\":\"fr-FR\"},{\"@type\":\"Organization\",\"@id\":\"https:\\\/\\\/airspore.com\\\/#organization\",\"name\":\"AIR\",\"alternateName\":\"AIR SPORE INC.\",\"url\":\"https:\\\/\\\/airspore.com\\\/\",\"logo\":{\"@type\":\"ImageObject\",\"inLanguage\":\"fr-FR\",\"@id\":\"https:\\\/\\\/airspore.com\\\/#\\\/schema\\\/logo\\\/image\\\/\",\"url\":\"https:\\\/\\\/airspore.com\\\/wp-content\\\/uploads\\\/2022\\\/06\\\/Logo-gros-transparentFichier-1.svg\",\"contentUrl\":\"https:\\\/\\\/airspore.com\\\/wp-content\\\/uploads\\\/2022\\\/06\\\/Logo-gros-transparentFichier-1.svg\",\"width\":1,\"height\":1,\"caption\":\"AIR\"},\"image\":{\"@id\":\"https:\\\/\\\/airspore.com\\\/#\\\/schema\\\/logo\\\/image\\\/\"},\"sameAs\":[\"https:\\\/\\\/www.facebook.com\\\/airspore\\\/\",\"https:\\\/\\\/www.instagram.com\\\/airspore.inc\\\/\"]}]}<\/script>\n<!-- \/ Yoast SEO plugin. -->","yoast_head_json":{"title":"Politique sur la gestion et protection des renseignements personnels - AIR","robots":{"index":"index","follow":"follow","max-snippet":"max-snippet:-1","max-image-preview":"max-image-preview:large","max-video-preview":"max-video-preview:-1"},"canonical":"https:\/\/airspore.com\/fr\/politique-confidentialite\/","og_locale":"fr_FR","og_type":"article","og_title":"Politique sur la gestion et protection des renseignements personnels - AIR","og_description":"POLITIQUE SUR LE RESPECT DE LA VIE PRIV\u00c9E Le Groupe Expertb\u00e2timent inc. accorde depuis toujours une grande importance \u00e0 la protection des renseignements qui sont sous sa responsabilit\u00e9. La Loi modernisant les dispositions l\u00e9gislatives en mati\u00e8re de protection des renseignements personnels vient standardiser cette approche en d\u00e9finissant les r\u00e8gles et proc\u00e9dures d\u2019acquisition, de conservation et [&hellip;]","og_url":"https:\/\/airspore.com\/fr\/politique-confidentialite\/","og_site_name":"AIR","article_publisher":"https:\/\/www.facebook.com\/airspore\/","article_modified_time":"2023-09-01T20:51:34+00:00","og_image":[{"width":1042,"height":568,"url":"https:\/\/airspore.com\/wp-content\/uploads\/2023\/01\/bGSAEoPoAd.png","type":"image\/png"}],"twitter_card":"summary_large_image","twitter_misc":{"Dur\u00e9e de lecture estim\u00e9e":"6 minutes"},"schema":{"@context":"https:\/\/schema.org","@graph":[{"@type":"WebPage","@id":"https:\/\/airspore.com\/fr\/politique-confidentialite\/","url":"https:\/\/airspore.com\/fr\/politique-confidentialite\/","name":"Politique sur la gestion et protection des renseignements personnels - AIR","isPartOf":{"@id":"https:\/\/airspore.com\/#website"},"datePublished":"2023-09-01T20:41:56+00:00","dateModified":"2023-09-01T20:51:34+00:00","breadcrumb":{"@id":"https:\/\/airspore.com\/fr\/politique-confidentialite\/#breadcrumb"},"inLanguage":"fr-FR","potentialAction":[{"@type":"ReadAction","target":["https:\/\/airspore.com\/fr\/politique-confidentialite\/"]}]},{"@type":"BreadcrumbList","@id":"https:\/\/airspore.com\/fr\/politique-confidentialite\/#breadcrumb","itemListElement":[{"@type":"ListItem","position":1,"name":"\u2302","item":"https:\/\/airspore.com\/fr\/"},{"@type":"ListItem","position":2,"name":"Politique sur la gestion et protection des renseignements personnels"}]},{"@type":"WebSite","@id":"https:\/\/airspore.com\/#website","url":"https:\/\/airspore.com\/","name":"AIR","description":"AIR is a preventive fungal disease detection program.","publisher":{"@id":"https:\/\/airspore.com\/#organization"},"alternateName":"AIR SPORE INC","potentialAction":[{"@type":"SearchAction","target":{"@type":"EntryPoint","urlTemplate":"https:\/\/airspore.com\/?s={search_term_string}"},"query-input":{"@type":"PropertyValueSpecification","valueRequired":true,"valueName":"search_term_string"}}],"inLanguage":"fr-FR"},{"@type":"Organization","@id":"https:\/\/airspore.com\/#organization","name":"AIR","alternateName":"AIR SPORE INC.","url":"https:\/\/airspore.com\/","logo":{"@type":"ImageObject","inLanguage":"fr-FR","@id":"https:\/\/airspore.com\/#\/schema\/logo\/image\/","url":"https:\/\/airspore.com\/wp-content\/uploads\/2022\/06\/Logo-gros-transparentFichier-1.svg","contentUrl":"https:\/\/airspore.com\/wp-content\/uploads\/2022\/06\/Logo-gros-transparentFichier-1.svg","width":1,"height":1,"caption":"AIR"},"image":{"@id":"https:\/\/airspore.com\/#\/schema\/logo\/image\/"},"sameAs":["https:\/\/www.facebook.com\/airspore\/","https:\/\/www.instagram.com\/airspore.inc\/"]}]}},"uagb_featured_image_src":{"full":false,"thumbnail":false,"medium":false,"medium_large":false,"large":false,"1536x1536":false,"2048x2048":false},"uagb_author_info":{"display_name":"Gabriel Houle","author_link":"https:\/\/airspore.com\/fr\/author\/gabriel-houle\/"},"uagb_comment_info":0,"uagb_excerpt":"POLITIQUE SUR LE RESPECT DE LA VIE PRIV\u00c9E Le Groupe Expertb\u00e2timent inc. accorde depuis toujours une grande importance \u00e0 la protection des renseignements qui sont sous sa responsabilit\u00e9. La Loi modernisant les dispositions l\u00e9gislatives en mati\u00e8re de protection des renseignements personnels vient standardiser cette approche en d\u00e9finissant les r\u00e8gles et proc\u00e9dures d\u2019acquisition, de conservation et\u2026","_links":{"self":[{"href":"https:\/\/airspore.com\/fr\/wp-json\/wp\/v2\/pages\/7234","targetHints":{"allow":["GET"]}}],"collection":[{"href":"https:\/\/airspore.com\/fr\/wp-json\/wp\/v2\/pages"}],"about":[{"href":"https:\/\/airspore.com\/fr\/wp-json\/wp\/v2\/types\/page"}],"author":[{"embeddable":true,"href":"https:\/\/airspore.com\/fr\/wp-json\/wp\/v2\/users\/8"}],"replies":[{"embeddable":true,"href":"https:\/\/airspore.com\/fr\/wp-json\/wp\/v2\/comments?post=7234"}],"version-history":[{"count":7,"href":"https:\/\/airspore.com\/fr\/wp-json\/wp\/v2\/pages\/7234\/revisions"}],"predecessor-version":[{"id":7245,"href":"https:\/\/airspore.com\/fr\/wp-json\/wp\/v2\/pages\/7234\/revisions\/7245"}],"wp:attachment":[{"href":"https:\/\/airspore.com\/fr\/wp-json\/wp\/v2\/media?parent=7234"}],"curies":[{"name":"wp","href":"https:\/\/api.w.org\/{rel}","templated":true}]}}