{"id":5374,"date":"2023-03-27T08:04:03","date_gmt":"2023-03-27T13:04:03","guid":{"rendered":"https:\/\/airspore.com\/concours\/"},"modified":"2025-05-30T16:44:58","modified_gmt":"2025-05-30T21:44:58","slug":"concours","status":"publish","type":"page","link":"https:\/\/airspore.com\/fr\/concours\/","title":{"rendered":"Programme AIR X Concours Spudsmart Printemps 2022"},"content":{"rendered":"\n<div class=\"wp-block-columns is-layout-flex wp-container-core-columns-is-layout-28f84493 wp-block-columns-is-layout-flex\">\n<div class=\"wp-block-column is-layout-flow wp-block-column-is-layout-flow\">\n<p><strong>Gagnez 1 des 2 sessions d&rsquo;essai du programme AIR pour la saison de culture 2022 !  <\/strong><\/p>\n\n\n\n<h5 class=\"wp-block-heading\" id=\"including\"><strong>Y compris :<\/strong><\/h5>\n\n\n\n<p class=\"has-text-align-left\">Une session d&rsquo;essai de 4 semaines ;  <\/p>\n\n\n\n<p class=\"has-text-align-left\">Acc\u00e8s \u00e0 l&rsquo;ensemble du programme AIR ;  <\/p>\n\n\n\n<p class=\"has-text-align-left\">Une station m\u00e9t\u00e9orologique pour l&rsquo;indicateur de risque m\u00e9t\u00e9orologique ;<\/p>\n\n\n\n<p class=\"has-text-align-left\">Casquette et t-shirt du programme Air GRATUITS.  <\/p>\n\n\n\n<div style=\"height:35px\" aria-hidden=\"true\" class=\"wp-block-spacer\"><\/div>\n\n\n\n<p><strong>\u00c0 gagner : 1 des 2 blocs d&rsquo;essai du Programme AIR pour la saison 2022 !  <\/strong><\/p>\n\n\n\n<h5 class=\"wp-block-heading\" id=\"incluant\"><strong>Incluant :<\/strong> <\/h5>\n\n\n\n<p class=\"has-text-align-left\">Un bloc d&rsquo;essai de 4 semaines ;  <\/p>\n\n\n\n<p class=\"has-text-align-left\">L&rsquo;acc\u00e8s \u00e0 tous les outils du Programme AIR ;<\/p>\n\n\n\n<p class=\"has-text-align-left\">Le pr\u00eat d&rsquo;une station m\u00e9t\u00e9o pour l&rsquo;indice de risque m\u00e9t\u00e9o ;  <\/p>\n\n\n\n<p class=\"has-text-align-left\">Et un t-shirt et casquette \u00e0 l&rsquo;effigie du Programme AIR.  <\/p>\n<\/div>\n\n\n\n<div class=\"wp-block-column is-layout-flow wp-block-column-is-layout-flow\">\n<h5 class=\"has-text-align-center wp-block-heading\" id=\"contest-form-formulaire\">Contest form \/ Formulaire  <\/h5>\n\n\n\n<div class=\"wp-block-contact-form-7-contact-form-selector\"><p class=\"wpcf7-contact-form-not-found\"><strong>Erreur\u00a0:<\/strong> Formulaire de contact non trouv\u00e9\u00a0!<\/p><\/div>\n<\/div>\n<\/div>\n","protected":false},"excerpt":{"rendered":"<p>Gagnez 1 des 2 sessions d&rsquo;essai du programme AIR pour la saison de culture 2022 ! Y compris : Une session d&rsquo;essai de 4 semaines ; Acc\u00e8s \u00e0 l&rsquo;ensemble du programme AIR ; Une station m\u00e9t\u00e9orologique pour l&rsquo;indicateur de risque m\u00e9t\u00e9orologique ; Casquette et t-shirt du programme Air GRATUITS. \u00c0 gagner : 1 des 2 [&hellip;]<\/p>\n","protected":false},"author":6,"featured_media":0,"parent":0,"menu_order":0,"comment_status":"closed","ping_status":"closed","template":"","meta":{"_eb_attr":"","_uag_custom_page_level_css":"","footnotes":""},"class_list":["post-5374","page","type-page","status-publish","hentry"],"yoast_head":"<!-- This site is optimized with the Yoast SEO plugin v27.5 - https:\/\/yoast.com\/product\/yoast-seo-wordpress\/ -->\n<title>Programme AIR X Concours Spudsmart Printemps 2022 - AIR<\/title>\n<meta name=\"robots\" content=\"index, follow, max-snippet:-1, max-image-preview:large, max-video-preview:-1\" \/>\n<link rel=\"canonical\" href=\"https:\/\/airspore.com\/fr\/concours\/\" \/>\n<meta property=\"og:locale\" content=\"fr_FR\" \/>\n<meta property=\"og:type\" content=\"article\" \/>\n<meta property=\"og:title\" content=\"Programme AIR X Concours Spudsmart Printemps 2022 - AIR\" \/>\n<meta property=\"og:description\" content=\"Gagnez 1 des 2 sessions d&rsquo;essai du programme AIR pour la saison de culture 2022 ! Y compris : Une session d&rsquo;essai de 4 semaines ; Acc\u00e8s \u00e0 l&rsquo;ensemble du programme AIR ; Une station m\u00e9t\u00e9orologique pour l&rsquo;indicateur de risque m\u00e9t\u00e9orologique ; Casquette et t-shirt du programme Air GRATUITS. \u00c0 gagner : 1 des 2 [&hellip;]\" \/>\n<meta property=\"og:url\" content=\"https:\/\/airspore.com\/fr\/concours\/\" \/>\n<meta property=\"og:site_name\" content=\"AIR\" \/>\n<meta property=\"article:publisher\" content=\"https:\/\/www.facebook.com\/airspore\/\" \/>\n<meta property=\"article:modified_time\" content=\"2025-05-30T21:44:58+00:00\" \/>\n<meta property=\"og:image\" content=\"https:\/\/airspore.com\/wp-content\/uploads\/2023\/01\/bGSAEoPoAd.png\" \/>\n\t<meta property=\"og:image:width\" content=\"1042\" \/>\n\t<meta property=\"og:image:height\" content=\"568\" \/>\n\t<meta property=\"og:image:type\" content=\"image\/png\" \/>\n<meta name=\"twitter:card\" content=\"summary_large_image\" \/>\n<script type=\"application\/ld+json\" class=\"yoast-schema-graph\">{\"@context\":\"https:\\\/\\\/schema.org\",\"@graph\":[{\"@type\":\"WebPage\",\"@id\":\"https:\\\/\\\/airspore.com\\\/fr\\\/concours\\\/\",\"url\":\"https:\\\/\\\/airspore.com\\\/fr\\\/concours\\\/\",\"name\":\"Programme AIR X Concours Spudsmart Printemps 2022 - AIR\",\"isPartOf\":{\"@id\":\"https:\\\/\\\/airspore.com\\\/#website\"},\"datePublished\":\"2023-03-27T13:04:03+00:00\",\"dateModified\":\"2025-05-30T21:44:58+00:00\",\"breadcrumb\":{\"@id\":\"https:\\\/\\\/airspore.com\\\/fr\\\/concours\\\/#breadcrumb\"},\"inLanguage\":\"fr-FR\",\"potentialAction\":[{\"@type\":\"ReadAction\",\"target\":[\"https:\\\/\\\/airspore.com\\\/fr\\\/concours\\\/\"]}]},{\"@type\":\"BreadcrumbList\",\"@id\":\"https:\\\/\\\/airspore.com\\\/fr\\\/concours\\\/#breadcrumb\",\"itemListElement\":[{\"@type\":\"ListItem\",\"position\":1,\"name\":\"\u2302\",\"item\":\"https:\\\/\\\/airspore.com\\\/fr\\\/\"},{\"@type\":\"ListItem\",\"position\":2,\"name\":\"Programme AIR X Concours Spudsmart Printemps 2022\"}]},{\"@type\":\"WebSite\",\"@id\":\"https:\\\/\\\/airspore.com\\\/#website\",\"url\":\"https:\\\/\\\/airspore.com\\\/\",\"name\":\"AIR\",\"description\":\"AIR is a preventive fungal disease detection program.\",\"publisher\":{\"@id\":\"https:\\\/\\\/airspore.com\\\/#organization\"},\"alternateName\":\"AIR SPORE INC\",\"potentialAction\":[{\"@type\":\"SearchAction\",\"target\":{\"@type\":\"EntryPoint\",\"urlTemplate\":\"https:\\\/\\\/airspore.com\\\/?s={search_term_string}\"},\"query-input\":{\"@type\":\"PropertyValueSpecification\",\"valueRequired\":true,\"valueName\":\"search_term_string\"}}],\"inLanguage\":\"fr-FR\"},{\"@type\":\"Organization\",\"@id\":\"https:\\\/\\\/airspore.com\\\/#organization\",\"name\":\"AIR\",\"alternateName\":\"AIR SPORE INC.\",\"url\":\"https:\\\/\\\/airspore.com\\\/\",\"logo\":{\"@type\":\"ImageObject\",\"inLanguage\":\"fr-FR\",\"@id\":\"https:\\\/\\\/airspore.com\\\/#\\\/schema\\\/logo\\\/image\\\/\",\"url\":\"https:\\\/\\\/airspore.com\\\/wp-content\\\/uploads\\\/2022\\\/06\\\/Logo-gros-transparentFichier-1.svg\",\"contentUrl\":\"https:\\\/\\\/airspore.com\\\/wp-content\\\/uploads\\\/2022\\\/06\\\/Logo-gros-transparentFichier-1.svg\",\"width\":1,\"height\":1,\"caption\":\"AIR\"},\"image\":{\"@id\":\"https:\\\/\\\/airspore.com\\\/#\\\/schema\\\/logo\\\/image\\\/\"},\"sameAs\":[\"https:\\\/\\\/www.facebook.com\\\/airspore\\\/\",\"https:\\\/\\\/www.instagram.com\\\/airspore.inc\\\/\"]}]}<\/script>\n<!-- \/ Yoast SEO plugin. -->","yoast_head_json":{"title":"Programme AIR X Concours Spudsmart Printemps 2022 - AIR","robots":{"index":"index","follow":"follow","max-snippet":"max-snippet:-1","max-image-preview":"max-image-preview:large","max-video-preview":"max-video-preview:-1"},"canonical":"https:\/\/airspore.com\/fr\/concours\/","og_locale":"fr_FR","og_type":"article","og_title":"Programme AIR X Concours Spudsmart Printemps 2022 - AIR","og_description":"Gagnez 1 des 2 sessions d&rsquo;essai du programme AIR pour la saison de culture 2022 ! Y compris : Une session d&rsquo;essai de 4 semaines ; Acc\u00e8s \u00e0 l&rsquo;ensemble du programme AIR ; Une station m\u00e9t\u00e9orologique pour l&rsquo;indicateur de risque m\u00e9t\u00e9orologique ; Casquette et t-shirt du programme Air GRATUITS. \u00c0 gagner : 1 des 2 [&hellip;]","og_url":"https:\/\/airspore.com\/fr\/concours\/","og_site_name":"AIR","article_publisher":"https:\/\/www.facebook.com\/airspore\/","article_modified_time":"2025-05-30T21:44:58+00:00","og_image":[{"width":1042,"height":568,"url":"https:\/\/airspore.com\/wp-content\/uploads\/2023\/01\/bGSAEoPoAd.png","type":"image\/png"}],"twitter_card":"summary_large_image","schema":{"@context":"https:\/\/schema.org","@graph":[{"@type":"WebPage","@id":"https:\/\/airspore.com\/fr\/concours\/","url":"https:\/\/airspore.com\/fr\/concours\/","name":"Programme AIR X Concours Spudsmart Printemps 2022 - AIR","isPartOf":{"@id":"https:\/\/airspore.com\/#website"},"datePublished":"2023-03-27T13:04:03+00:00","dateModified":"2025-05-30T21:44:58+00:00","breadcrumb":{"@id":"https:\/\/airspore.com\/fr\/concours\/#breadcrumb"},"inLanguage":"fr-FR","potentialAction":[{"@type":"ReadAction","target":["https:\/\/airspore.com\/fr\/concours\/"]}]},{"@type":"BreadcrumbList","@id":"https:\/\/airspore.com\/fr\/concours\/#breadcrumb","itemListElement":[{"@type":"ListItem","position":1,"name":"\u2302","item":"https:\/\/airspore.com\/fr\/"},{"@type":"ListItem","position":2,"name":"Programme AIR X Concours Spudsmart Printemps 2022"}]},{"@type":"WebSite","@id":"https:\/\/airspore.com\/#website","url":"https:\/\/airspore.com\/","name":"AIR","description":"AIR is a preventive fungal disease detection program.","publisher":{"@id":"https:\/\/airspore.com\/#organization"},"alternateName":"AIR SPORE INC","potentialAction":[{"@type":"SearchAction","target":{"@type":"EntryPoint","urlTemplate":"https:\/\/airspore.com\/?s={search_term_string}"},"query-input":{"@type":"PropertyValueSpecification","valueRequired":true,"valueName":"search_term_string"}}],"inLanguage":"fr-FR"},{"@type":"Organization","@id":"https:\/\/airspore.com\/#organization","name":"AIR","alternateName":"AIR SPORE INC.","url":"https:\/\/airspore.com\/","logo":{"@type":"ImageObject","inLanguage":"fr-FR","@id":"https:\/\/airspore.com\/#\/schema\/logo\/image\/","url":"https:\/\/airspore.com\/wp-content\/uploads\/2022\/06\/Logo-gros-transparentFichier-1.svg","contentUrl":"https:\/\/airspore.com\/wp-content\/uploads\/2022\/06\/Logo-gros-transparentFichier-1.svg","width":1,"height":1,"caption":"AIR"},"image":{"@id":"https:\/\/airspore.com\/#\/schema\/logo\/image\/"},"sameAs":["https:\/\/www.facebook.com\/airspore\/","https:\/\/www.instagram.com\/airspore.inc\/"]}]}},"uagb_featured_image_src":{"full":false,"thumbnail":false,"medium":false,"medium_large":false,"large":false,"1536x1536":false,"2048x2048":false},"uagb_author_info":{"display_name":"Eve-Lyne Ducharme","author_link":"https:\/\/airspore.com\/fr\/author\/evelyne-ducharmeexpertbatiment-ca\/"},"uagb_comment_info":0,"uagb_excerpt":"Gagnez 1 des 2 sessions d&rsquo;essai du programme AIR pour la saison de culture 2022 ! Y compris : Une session d&rsquo;essai de 4 semaines ; Acc\u00e8s \u00e0 l&rsquo;ensemble du programme AIR ; Une station m\u00e9t\u00e9orologique pour l&rsquo;indicateur de risque m\u00e9t\u00e9orologique ; Casquette et t-shirt du programme Air GRATUITS. \u00c0 gagner : 1 des 2\u2026","_links":{"self":[{"href":"https:\/\/airspore.com\/fr\/wp-json\/wp\/v2\/pages\/5374","targetHints":{"allow":["GET"]}}],"collection":[{"href":"https:\/\/airspore.com\/fr\/wp-json\/wp\/v2\/pages"}],"about":[{"href":"https:\/\/airspore.com\/fr\/wp-json\/wp\/v2\/types\/page"}],"author":[{"embeddable":true,"href":"https:\/\/airspore.com\/fr\/wp-json\/wp\/v2\/users\/6"}],"replies":[{"embeddable":true,"href":"https:\/\/airspore.com\/fr\/wp-json\/wp\/v2\/comments?post=5374"}],"version-history":[{"count":2,"href":"https:\/\/airspore.com\/fr\/wp-json\/wp\/v2\/pages\/5374\/revisions"}],"predecessor-version":[{"id":7937,"href":"https:\/\/airspore.com\/fr\/wp-json\/wp\/v2\/pages\/5374\/revisions\/7937"}],"wp:attachment":[{"href":"https:\/\/airspore.com\/fr\/wp-json\/wp\/v2\/media?parent=5374"}],"curies":[{"name":"wp","href":"https:\/\/api.w.org\/{rel}","templated":true}]}}