{"id":4009,"date":"2023-02-01T15:11:47","date_gmt":"2023-02-01T20:11:47","guid":{"rendered":"https:\/\/airspore.com\/?page_id=4009"},"modified":"2025-09-23T12:55:44","modified_gmt":"2025-09-23T17:55:44","slug":"alerte-feed","status":"publish","type":"page","link":"https:\/\/airspore.com\/fr\/alerte-feed\/","title":{"rendered":"Flux d&rsquo;alerte"},"content":{"rendered":"\t\t<div data-elementor-type=\"wp-page\" data-elementor-id=\"4009\" class=\"elementor elementor-4009 elementor-4005\" data-elementor-post-type=\"page\">\n\t\t\t\t<div class=\"elementor-element elementor-element-507fdd20 e-con-full e-flex e-con e-parent\" data-id=\"507fdd20\" data-element_type=\"container\" data-e-type=\"container\" data-settings=\"{&quot;background_background&quot;:&quot;classic&quot;}\">\n\t\t<div class=\"elementor-element elementor-element-72b20303 e-con-full e-flex e-con e-child\" data-id=\"72b20303\" data-element_type=\"container\" data-e-type=\"container\" data-settings=\"{&quot;background_background&quot;:&quot;classic&quot;}\">\n\t\t<div class=\"elementor-element elementor-element-6977e32b e-con-full e-flex e-con e-child\" data-id=\"6977e32b\" data-element_type=\"container\" data-e-type=\"container\" data-settings=\"{&quot;background_background&quot;:&quot;classic&quot;}\">\n\t\t\t\t<div class=\"elementor-element elementor-element-70c70aaa elementor-widget elementor-widget-text-editor\" data-id=\"70c70aaa\" data-element_type=\"widget\" data-e-type=\"widget\" data-widget_type=\"text-editor.default\">\n\t\t\t\t<div class=\"elementor-widget-container\">\n\t\t\t\t\t\t\t\t\tRestez inform\u00e9 des zones \u00e0 risque de maladies fongiques transmises par l&rsquo;air gr\u00e2ce \u00e0 ce fil d&rsquo;alerte. Nous vous invitons \u00e0 la prudence et \u00e0 consulter votre agronome si vous avez des questions. \t\t\t\t\t\t\t\t<\/div>\n\t\t\t\t<\/div>\n\t\t\t\t<div class=\"elementor-element elementor-element-dee418e elementor-hidden-desktop elementor-hidden-tablet elementor-widget elementor-widget-spacer\" data-id=\"dee418e\" data-element_type=\"widget\" data-e-type=\"widget\" data-widget_type=\"spacer.default\">\n\t\t\t\t<div class=\"elementor-widget-container\">\n\t\t\t\t\t\t\t<div class=\"elementor-spacer\">\n\t\t\t<div class=\"elementor-spacer-inner\"><\/div>\n\t\t<\/div>\n\t\t\t\t\t\t<\/div>\n\t\t\t\t<\/div>\n\t\t\t\t<\/div>\n\t\t<div class=\"elementor-element elementor-element-3a1efb76 e-con-full e-flex e-con e-child\" data-id=\"3a1efb76\" data-element_type=\"container\" data-e-type=\"container\" data-settings=\"{&quot;background_background&quot;:&quot;classic&quot;,&quot;sticky_offset&quot;:15,&quot;sticky_effects_offset&quot;:2,&quot;sticky&quot;:&quot;top&quot;,&quot;sticky_on&quot;:[&quot;desktop&quot;,&quot;tablet&quot;,&quot;mobile&quot;],&quot;sticky_anchor_link_offset&quot;:0}\">\n\t\t\t\t<div class=\"elementor-element elementor-element-113ebaf0 elementor-widget elementor-widget-text-editor\" data-id=\"113ebaf0\" data-element_type=\"widget\" data-e-type=\"widget\" data-widget_type=\"text-editor.default\">\n\t\t\t\t<div class=\"elementor-widget-container\">\n\t\t\t\t\t\t\t\t\tS&rsquo;ABONNER\t\t\t\t\t\t\t\t<\/div>\n\t\t\t\t<\/div>\n\t\t\t\t<\/div>\n\t\t\t\t<\/div>\n\t\t\t\t<\/div>\n\t\t<div class=\"elementor-element elementor-element-3a573f5 e-con-full e-flex e-con e-parent\" data-id=\"3a573f5\" data-element_type=\"container\" data-e-type=\"container\" data-settings=\"{&quot;background_background&quot;:&quot;classic&quot;}\">\n\t\t\t\t<div class=\"elementor-element elementor-element-38f5758 elementor-widget elementor-widget-posts\" data-id=\"38f5758\" data-element_type=\"widget\" data-e-type=\"widget\" data-settings=\"{&quot;full_content_row_gap&quot;:{&quot;unit&quot;:&quot;px&quot;,&quot;size&quot;:25,&quot;sizes&quot;:[]},&quot;pagination_type&quot;:&quot;load_more_infinite_scroll&quot;,&quot;load_more_spinner&quot;:{&quot;value&quot;:&quot;fas fa-spinner&quot;,&quot;library&quot;:&quot;fa-solid&quot;}}\" data-widget_type=\"posts.full_content\">\n\t\t\t\t<div class=\"elementor-widget-container\">\n\t\t\t\t\t\t\t<div class=\"elementor-posts-container elementor-posts elementor-posts--skin-full_content elementor-grid\" role=\"list\">\n\t\t\t\t<article class=\"elementor-post elementor-grid-item post-7620 post type-post status-publish format-standard hentry category-alerte-air category-non-classifiee tag-alerte\" role=\"listitem\">\n\t\t\t\t<div class=\"elementor-post__text\">\n\t\t\t\t<h3 class=\"elementor-post__title\">\n\t\t\t<a href=\"https:\/\/airspore.com\/fr\/alerte-aerienne-pommes-de-terre-30-aout-2024-oleary-pei\/\" >\n\t\t\t\tALERTE AERIENNE &#8211; Pommes de terre &#8211; 30 ao\u00fbt 2024- O&rsquo;Leary (PEI)\t\t\t<\/a>\n\t\t<\/h3>\n\t\t\t\t<div class=\"elementor-post__meta-data\">\n\t\t\t\t\t<span class=\"elementor-post-date\">\n\t\t\t30 ao\u00fbt 2024\t\t<\/span>\n\t\t\t\t<\/div>\n\t\t\n<p>Potatoes \ud83e\udd54A sporangia of Phytophthora infestans (mildew) was detected in the O&rsquo;Leary area (PEI) on August 30, 2024.<\/p>\n\n\n\n<div class=\"wp-block-stackable-spacer stk-block-spacer stk--no-padding stk-block stk-bf02165\" data-block-id=\"bf02165\"><style>.stk-bf02165{height:15px !important}<\/style><\/div>\n\n\n\n<div class=\"wp-block-stackable-map stk-block-map stk-block stk-111249e\" data-block-id=\"111249e\"><style>.stk-111249e .stk-block-map__canvas,.stk-111249e iframe{height:350px !important}<\/style><iframe\n\t\t\t\t\t\ttitle=\"Embedded content from Google Maps Platform.\"\n\t\t\t\t\t\tsrc=\"https:\/\/maps.google.com\/maps?q=o'leary ipe&#038;t=&#038;z=10&#038;ie=UTF8&#038;output=embed\"\n\t\t\t\t\t\tstyle=\"border:0;width:100%;max-width:none;max-height:none;height:100%;\"\n\t\t\t\t\t\taria-hidden=\"false\"\n\t\t\t\t\t\ttabIndex=\"0\"\n\t\t\t\t\t\tallowfullscreen\n\t\t\t\t\t\tloading=\"lazy\"\n\t\t\t\t\t\tframeBorder=\"0\"\n\t\t\t\t\t><\/iframe><\/div>\n\t\t<\/div>\n\t\t\t\t<\/article>\n\t\t\t\t<article class=\"elementor-post elementor-grid-item post-7364 post type-post status-publish format-standard hentry category-alerte-air category-non-classifiee tag-alerte\" role=\"listitem\">\n\t\t\t\t<div class=\"elementor-post__text\">\n\t\t\t\t<h3 class=\"elementor-post__title\">\n\t\t\t<a href=\"https:\/\/airspore.com\/fr\/alerte-air-pomme-de-terre-15-aout-2024-bas-saint-laurent-qc\/\" >\n\t\t\t\tALERTE AIR &#8211; Pomme de terre &#8211; 15 ao\u00fbt 2024- Bas Saint-Laurent (QC)\t\t\t<\/a>\n\t\t<\/h3>\n\t\t\t\t<div class=\"elementor-post__meta-data\">\n\t\t\t\t\t<span class=\"elementor-post-date\">\n\t\t\t15 ao\u00fbt 2024\t\t<\/span>\n\t\t\t\t<\/div>\n\t\t\n<h1 class=\"wp-block-heading\">R\u00e9sultats de recherche<\/h1>\n\n\n\n<p>Pomme de terre \ud83e\udd54 Une sporange de Phytophthora infestans (mildiou) a \u00e9t\u00e9 d\u00e9tect\u00e9 dans la r\u00e9gion Grand Sault (NB) en date du 15 ao\u00fbt 2024<\/p>\n\n\n\n<div class=\"wp-block-stackable-spacer stk-block-spacer stk--no-padding stk-block stk-5x80g96\" data-block-id=\"5x80g96\"><style>.stk-5x80g96{height:15px !important}<\/style><\/div>\n\n\n\n<div class=\"wp-block-stackable-map stk-block-map stk-block stk-6mkoj38\" data-block-id=\"6mkoj38\"><style>.stk-6mkoj38 .stk-block-map__canvas,.stk-6mkoj38 iframe{height:351px !important}<\/style><iframe\n\t\t\t\t\t\ttitle=\"Embedded content from Google Maps Platform.\"\n\t\t\t\t\t\tsrc=\"https:\/\/maps.google.com\/maps?q=bas-saint laurent&#038;t=&#038;z=7&#038;ie=UTF8&#038;output=embed\"\n\t\t\t\t\t\tstyle=\"border:0;width:100%;max-width:none;max-height:none;height:100%;\"\n\t\t\t\t\t\taria-hidden=\"false\"\n\t\t\t\t\t\ttabIndex=\"0\"\n\t\t\t\t\t\tallowfullscreen\n\t\t\t\t\t\tloading=\"lazy\"\n\t\t\t\t\t\tframeBorder=\"0\"\n\t\t\t\t\t><\/iframe><\/div>\n\t\t<\/div>\n\t\t\t\t<\/article>\n\t\t\t\t<article class=\"elementor-post elementor-grid-item post-7357 post type-post status-publish format-standard hentry category-alerte-air category-non-classifiee tag-alerte\" role=\"listitem\">\n\t\t\t\t<div class=\"elementor-post__text\">\n\t\t\t\t<h3 class=\"elementor-post__title\">\n\t\t\t<a href=\"https:\/\/airspore.com\/fr\/alerte-air-pomme-de-terre-26-juillet-2024-grand-sault-nb\/\" >\n\t\t\t\tALERTE AIR &#8211; Pomme de terre &#8211; 26 juillet 2024- Grand sault (NB)\t\t\t<\/a>\n\t\t<\/h3>\n\t\t\t\t<div class=\"elementor-post__meta-data\">\n\t\t\t\t\t<span class=\"elementor-post-date\">\n\t\t\t26 juillet 2024\t\t<\/span>\n\t\t\t\t<\/div>\n\t\t\n<p>Pomme de terre \ud83e\udd54 Une sporange de Phytophthora infestans (mildiou) a \u00e9t\u00e9 d\u00e9tect\u00e9 dans la r\u00e9gion Grand Sault (NB) en date du 26 juillet 2024.<\/p>\n\n\n\n<div class=\"wp-block-stackable-spacer stk-block-spacer stk--no-padding stk-block stk-mqul38i\" data-block-id=\"mqul38i\"><style>.stk-mqul38i{height:15px !important}<\/style><\/div>\n\n\n\n<div class=\"wp-block-stackable-map stk-block-map stk-block stk-5p73zj0\" data-block-id=\"5p73zj0\"><iframe\n\t\t\t\t\t\ttitle=\"Embedded content from Google Maps Platform.\"\n\t\t\t\t\t\tsrc=\"https:\/\/maps.google.com\/maps?q=Grand sault&#038;t=&#038;z=12&#038;ie=UTF8&#038;output=embed\"\n\t\t\t\t\t\tstyle=\"border:0;width:100%;max-width:none;max-height:none;height:100%;\"\n\t\t\t\t\t\taria-hidden=\"false\"\n\t\t\t\t\t\ttabIndex=\"0\"\n\t\t\t\t\t\tallowfullscreen\n\t\t\t\t\t\tloading=\"lazy\"\n\t\t\t\t\t\tframeBorder=\"0\"\n\t\t\t\t\t><\/iframe><\/div>\n\t\t<\/div>\n\t\t\t\t<\/article>\n\t\t\t\t<article class=\"elementor-post elementor-grid-item post-7219 post type-post status-publish format-standard hentry category-alerte-air category-non-classifiee tag-alerte\" role=\"listitem\">\n\t\t\t\t<div class=\"elementor-post__text\">\n\t\t\t\t<h3 class=\"elementor-post__title\">\n\t\t\t<a href=\"https:\/\/airspore.com\/fr\/air-alert-potato-august-28th-2023-%f0%9f%93%8dnew-glasgow-pei\/\" >\n\t\t\t\tALERTE AERIENNE | Patate &#8211; 28 ao\u00fbt 2023 ?New Glasgow (PEI)\t\t\t<\/a>\n\t\t<\/h3>\n\t\t\t\t<div class=\"elementor-post__meta-data\">\n\t\t\t\t\t<span class=\"elementor-post-date\">\n\t\t\t29 ao\u00fbt 2023\t\t<\/span>\n\t\t\t\t<\/div>\n\t\t\n<p>  Pomme de terre ? Phytophthora infestans (mildiou) a \u00e9t\u00e9 d\u00e9tect\u00e9 dans la r\u00e9gion de New Glasgow (\u00ce.-P.-\u00c9.) en date du 28 ao\u00fbt 2023.  Pour plus d&rsquo;informations : <a href=\"http:\/\/airspore.com\/fr\" rel=\"nofollow\">airspore.com\/fr<\/a><\/p>\n\n<div class=\"wp-block-stackable-spacer stk-block-spacer stk--no-padding stk-block stk-efglcx5\" data-block-id=\"efglcx5\"><style>.stk-efglcx5{height:15px !important}<\/style><\/div>\n\n<div class=\"wp-block-stackable-map stk-block-map stk-block stk-8zyazmi\" data-block-id=\"8zyazmi\"><style>.stk-8zyazmi .stk-block-map__canvas,.stk-8zyazmi iframe{height:321px !important}<\/style><iframe\n\t\t\t\t\t\ttitle=\"Embedded content from Google Maps Platform.\"\n\t\t\t\t\t\tsrc=\"https:\/\/maps.google.com\/maps?q=New Glasgow pei&#038;t=&#038;z=9&#038;ie=UTF8&#038;output=embed\"\n\t\t\t\t\t\tstyle=\"border:0;width:100%;max-width:none;max-height:none;height:100%;\"\n\t\t\t\t\t\taria-hidden=\"false\"\n\t\t\t\t\t\ttabIndex=\"0\"\n\t\t\t\t\t\tallowfullscreen\n\t\t\t\t\t\tloading=\"lazy\"\n\t\t\t\t\t\tframeBorder=\"0\"\n\t\t\t\t\t><\/iframe><\/div>\n\t\t<\/div>\n\t\t\t\t<\/article>\n\t\t\t\t<article class=\"elementor-post elementor-grid-item post-7196 post type-post status-publish format-standard hentry category-alerte-air category-non-classifiee tag-alerte\" role=\"listitem\">\n\t\t\t\t<div class=\"elementor-post__text\">\n\t\t\t\t<h3 class=\"elementor-post__title\">\n\t\t\t<a href=\"https:\/\/airspore.com\/fr\/air-alert-potato-august-22th-2023-%f0%9f%93%8doleary-pei\/\" >\n\t\t\t\tALERTE AERIENNE &#8211; Pomme de terre &#8211; 22 ao\u00fbt 2023 &#8211; O&rsquo;Leary (\u00ce.-P.-\u00c9.)\t\t\t<\/a>\n\t\t<\/h3>\n\t\t\t\t<div class=\"elementor-post__meta-data\">\n\t\t\t\t\t<span class=\"elementor-post-date\">\n\t\t\t23 ao\u00fbt 2023\t\t<\/span>\n\t\t\t\t<\/div>\n\t\t\n<p>  Pomme de terre ? Phytophthora infestans (mildiou) a \u00e9t\u00e9 d\u00e9tect\u00e9 dans la r\u00e9gion de O&rsquo;Leary (\u00ce.-P.-\u00c9.) le 22 ao\u00fbt 2023.  Pour plus d&rsquo;informations : <a href=\"http:\/\/airspore.com\/fr\" rel=\"nofollow\">airspore.com\/fr<\/a><\/p>\n\n<div class=\"wp-block-stackable-spacer stk-block-spacer stk--no-padding stk-block stk-6tpgkvf\" data-block-id=\"6tpgkvf\"><style>.stk-6tpgkvf{height:15px !important}<\/style><\/div>\n\t\t<\/div>\n\t\t\t\t<\/article>\n\t\t\t\t<article class=\"elementor-post elementor-grid-item post-7186 post type-post status-publish format-standard hentry category-alerte-air category-non-classifiee tag-alerte\" role=\"listitem\">\n\t\t\t\t<div class=\"elementor-post__text\">\n\t\t\t\t<h3 class=\"elementor-post__title\">\n\t\t\t<a href=\"https:\/\/airspore.com\/fr\/air-alert-potato-august-21th-2023-%f0%9f%93%8dlanaudiere-qc\/\" >\n\t\t\t\tALERTE AERIENNE | Patate &#8211; 21 ao\u00fbt 2023 ?Lanaudi\u00e8re (QC)\t\t\t<\/a>\n\t\t<\/h3>\n\t\t\t\t<div class=\"elementor-post__meta-data\">\n\t\t\t\t\t<span class=\"elementor-post-date\">\n\t\t\t21 ao\u00fbt 2023\t\t<\/span>\n\t\t\t\t<\/div>\n\t\t\n<p>  Pomme de terre ? Phytophthora infestans (mildiou) a \u00e9t\u00e9 d\u00e9tect\u00e9 dans la r\u00e9gion de Lanaudi\u00e8re (QC) en date du 21 ao\u00fbt 2023.  Pour plus d&rsquo;informations : <a href=\"http:\/\/airspore.com\/fr\" rel=\"nofollow\">airspore.com\/fr<\/a><\/p>\n\n<div class=\"wp-block-stackable-spacer stk-block-spacer stk--no-padding stk-block stk-0re19qm\" data-block-id=\"0re19qm\"><style>.stk-0re19qm{height:15px !important}<\/style><\/div>\n\n<div class=\"wp-block-stackable-map stk-block-map stk-block stk-fa6hgu0\" data-block-id=\"fa6hgu0\"><style>.stk-fa6hgu0 .stk-block-map__canvas,.stk-fa6hgu0 iframe{height:321px !important}<\/style><iframe\n\t\t\t\t\t\ttitle=\"Embedded content from Google Maps Platform.\"\n\t\t\t\t\t\tdata-src=\"https:\/\/maps.google.com\/maps?q=lanaudiere&#038;t=&#038;z=11&#038;ie=UTF8&#038;output=embed\"\n\t\t\t\t\t\tstyle=\"border:0;width:100%;max-width:none;max-height:none;height:100%;\"\n\t\t\t\t\t\taria-hidden=\"false\"\n\t\t\t\t\t\ttabIndex=\"0\"\n\t\t\t\t\t\tallowfullscreen\n\t\t\t\t\t\n\t\t\t\t\t\tframeBorder=\"0\"\n\t\t\t\t\t src=\"data:image\/svg+xml;base64,PHN2ZyB3aWR0aD0iMSIgaGVpZ2h0PSIxIiB4bWxucz0iaHR0cDovL3d3dy53My5vcmcvMjAwMC9zdmciPjwvc3ZnPg==\" class=\"lazyload\" data-load-mode=\"1\"><\/iframe><\/div>\n\t\t<\/div>\n\t\t\t\t<\/article>\n\t\t\t\t<\/div>\n\t\t\t\t\t<span class=\"e-load-more-spinner\">\n\t\t\t\t<i aria-hidden=\"true\" class=\"fas fa-spinner\"><\/i>\t\t\t<\/span>\n\t\t\n\t\t\t\t<div class=\"e-load-more-anchor\" data-page=\"1\" data-max-page=\"6\" data-next-page=\"https:\/\/airspore.com\/fr\/wp-json\/wp\/v2\/pages\/4009\/page\/2\/\"><\/div>\n\t\t\t\t<div class=\"e-load-more-message\">Il n&#039;y a plus de messages \u00e0 afficher<\/div>\n\t\t\t\t\t\t<\/div>\n\t\t\t\t<\/div>\n\t\t\t\t<\/div>\n\t\t\t\t<\/div>\n\t\t","protected":false},"excerpt":{"rendered":"<p>Restez inform\u00e9 des zones \u00e0 risque de maladies fongiques transmises par l&rsquo;air gr\u00e2ce \u00e0 ce fil d&rsquo;alerte. Nous vous invitons \u00e0 la prudence et \u00e0 consulter votre agronome si vous avez des questions. S&rsquo;ABONNER<\/p>\n","protected":false},"author":4,"featured_media":6917,"parent":0,"menu_order":0,"comment_status":"closed","ping_status":"closed","template":"wp-custom-template-alertes-feed","meta":{"_eb_attr":"","_uag_custom_page_level_css":"","footnotes":""},"class_list":["post-4009","page","type-page","status-publish","has-post-thumbnail","hentry"],"yoast_head":"<!-- This site is optimized with the Yoast SEO plugin v27.5 - https:\/\/yoast.com\/product\/yoast-seo-wordpress\/ -->\n<title>Flux d&#039;alerte - AIR<\/title>\n<meta name=\"robots\" content=\"index, follow, max-snippet:-1, max-image-preview:large, max-video-preview:-1\" \/>\n<link rel=\"canonical\" href=\"https:\/\/airspore.com\/fr\/alerte-feed\/\" \/>\n<meta property=\"og:locale\" content=\"fr_FR\" \/>\n<meta property=\"og:type\" content=\"article\" \/>\n<meta property=\"og:title\" content=\"Flux d&#039;alerte - AIR\" \/>\n<meta property=\"og:description\" content=\"Restez inform\u00e9 des zones \u00e0 risque de maladies fongiques transmises par l&rsquo;air gr\u00e2ce \u00e0 ce fil d&rsquo;alerte. Nous vous invitons \u00e0 la prudence et \u00e0 consulter votre agronome si vous avez des questions. S&rsquo;ABONNER\" \/>\n<meta property=\"og:url\" content=\"https:\/\/airspore.com\/fr\/alerte-feed\/\" \/>\n<meta property=\"og:site_name\" content=\"AIR\" \/>\n<meta property=\"article:publisher\" content=\"https:\/\/www.facebook.com\/airspore\/\" \/>\n<meta property=\"article:modified_time\" content=\"2025-09-23T17:55:44+00:00\" \/>\n<meta property=\"og:image\" content=\"https:\/\/airspore.com\/wp-content\/uploads\/2023\/06\/FIL-dalertes-thumbnail.png\" \/>\n\t<meta property=\"og:image:width\" content=\"1200\" \/>\n\t<meta property=\"og:image:height\" content=\"628\" \/>\n\t<meta property=\"og:image:type\" content=\"image\/png\" \/>\n<meta name=\"twitter:card\" content=\"summary_large_image\" \/>\n<meta name=\"twitter:label1\" content=\"Dur\u00e9e de lecture estim\u00e9e\" \/>\n\t<meta name=\"twitter:data1\" content=\"1 minute\" \/>\n<script type=\"application\/ld+json\" class=\"yoast-schema-graph\">{\"@context\":\"https:\\\/\\\/schema.org\",\"@graph\":[{\"@type\":\"WebPage\",\"@id\":\"https:\\\/\\\/airspore.com\\\/fr\\\/alerte-feed\\\/\",\"url\":\"https:\\\/\\\/airspore.com\\\/fr\\\/alerte-feed\\\/\",\"name\":\"Flux d'alerte - AIR\",\"isPartOf\":{\"@id\":\"https:\\\/\\\/airspore.com\\\/#website\"},\"primaryImageOfPage\":{\"@id\":\"https:\\\/\\\/airspore.com\\\/fr\\\/alerte-feed\\\/#primaryimage\"},\"image\":{\"@id\":\"https:\\\/\\\/airspore.com\\\/fr\\\/alerte-feed\\\/#primaryimage\"},\"thumbnailUrl\":\"\\\/wp-content\\\/uploads\\\/2023\\\/06\\\/FIL-dalertes-thumbnail.png\",\"datePublished\":\"2023-02-01T20:11:47+00:00\",\"dateModified\":\"2025-09-23T17:55:44+00:00\",\"breadcrumb\":{\"@id\":\"https:\\\/\\\/airspore.com\\\/fr\\\/alerte-feed\\\/#breadcrumb\"},\"inLanguage\":\"fr-FR\",\"potentialAction\":[{\"@type\":\"ReadAction\",\"target\":[\"https:\\\/\\\/airspore.com\\\/fr\\\/alerte-feed\\\/\"]}]},{\"@type\":\"ImageObject\",\"inLanguage\":\"fr-FR\",\"@id\":\"https:\\\/\\\/airspore.com\\\/fr\\\/alerte-feed\\\/#primaryimage\",\"url\":\"\\\/wp-content\\\/uploads\\\/2023\\\/06\\\/FIL-dalertes-thumbnail.png\",\"contentUrl\":\"\\\/wp-content\\\/uploads\\\/2023\\\/06\\\/FIL-dalertes-thumbnail.png\",\"width\":1200,\"height\":628},{\"@type\":\"BreadcrumbList\",\"@id\":\"https:\\\/\\\/airspore.com\\\/fr\\\/alerte-feed\\\/#breadcrumb\",\"itemListElement\":[{\"@type\":\"ListItem\",\"position\":1,\"name\":\"\u2302\",\"item\":\"https:\\\/\\\/airspore.com\\\/fr\\\/\"},{\"@type\":\"ListItem\",\"position\":2,\"name\":\"Flux d&#8217;alerte\"}]},{\"@type\":\"WebSite\",\"@id\":\"https:\\\/\\\/airspore.com\\\/#website\",\"url\":\"https:\\\/\\\/airspore.com\\\/\",\"name\":\"AIR\",\"description\":\"AIR is a preventive fungal disease detection program.\",\"publisher\":{\"@id\":\"https:\\\/\\\/airspore.com\\\/#organization\"},\"alternateName\":\"AIR SPORE INC\",\"potentialAction\":[{\"@type\":\"SearchAction\",\"target\":{\"@type\":\"EntryPoint\",\"urlTemplate\":\"https:\\\/\\\/airspore.com\\\/?s={search_term_string}\"},\"query-input\":{\"@type\":\"PropertyValueSpecification\",\"valueRequired\":true,\"valueName\":\"search_term_string\"}}],\"inLanguage\":\"fr-FR\"},{\"@type\":\"Organization\",\"@id\":\"https:\\\/\\\/airspore.com\\\/#organization\",\"name\":\"AIR\",\"alternateName\":\"AIR SPORE INC.\",\"url\":\"https:\\\/\\\/airspore.com\\\/\",\"logo\":{\"@type\":\"ImageObject\",\"inLanguage\":\"fr-FR\",\"@id\":\"https:\\\/\\\/airspore.com\\\/#\\\/schema\\\/logo\\\/image\\\/\",\"url\":\"https:\\\/\\\/airspore.com\\\/wp-content\\\/uploads\\\/2022\\\/06\\\/Logo-gros-transparentFichier-1.svg\",\"contentUrl\":\"https:\\\/\\\/airspore.com\\\/wp-content\\\/uploads\\\/2022\\\/06\\\/Logo-gros-transparentFichier-1.svg\",\"width\":1,\"height\":1,\"caption\":\"AIR\"},\"image\":{\"@id\":\"https:\\\/\\\/airspore.com\\\/#\\\/schema\\\/logo\\\/image\\\/\"},\"sameAs\":[\"https:\\\/\\\/www.facebook.com\\\/airspore\\\/\",\"https:\\\/\\\/www.instagram.com\\\/airspore.inc\\\/\"]}]}<\/script>\n<!-- \/ Yoast SEO plugin. -->","yoast_head_json":{"title":"Flux d'alerte - AIR","robots":{"index":"index","follow":"follow","max-snippet":"max-snippet:-1","max-image-preview":"max-image-preview:large","max-video-preview":"max-video-preview:-1"},"canonical":"https:\/\/airspore.com\/fr\/alerte-feed\/","og_locale":"fr_FR","og_type":"article","og_title":"Flux d'alerte - AIR","og_description":"Restez inform\u00e9 des zones \u00e0 risque de maladies fongiques transmises par l&rsquo;air gr\u00e2ce \u00e0 ce fil d&rsquo;alerte. Nous vous invitons \u00e0 la prudence et \u00e0 consulter votre agronome si vous avez des questions. S&rsquo;ABONNER","og_url":"https:\/\/airspore.com\/fr\/alerte-feed\/","og_site_name":"AIR","article_publisher":"https:\/\/www.facebook.com\/airspore\/","article_modified_time":"2025-09-23T17:55:44+00:00","og_image":[{"width":1200,"height":628,"url":"https:\/\/airspore.com\/wp-content\/uploads\/2023\/06\/FIL-dalertes-thumbnail.png","type":"image\/png"}],"twitter_card":"summary_large_image","twitter_misc":{"Dur\u00e9e de lecture estim\u00e9e":"1 minute"},"schema":{"@context":"https:\/\/schema.org","@graph":[{"@type":"WebPage","@id":"https:\/\/airspore.com\/fr\/alerte-feed\/","url":"https:\/\/airspore.com\/fr\/alerte-feed\/","name":"Flux d'alerte - AIR","isPartOf":{"@id":"https:\/\/airspore.com\/#website"},"primaryImageOfPage":{"@id":"https:\/\/airspore.com\/fr\/alerte-feed\/#primaryimage"},"image":{"@id":"https:\/\/airspore.com\/fr\/alerte-feed\/#primaryimage"},"thumbnailUrl":"\/wp-content\/uploads\/2023\/06\/FIL-dalertes-thumbnail.png","datePublished":"2023-02-01T20:11:47+00:00","dateModified":"2025-09-23T17:55:44+00:00","breadcrumb":{"@id":"https:\/\/airspore.com\/fr\/alerte-feed\/#breadcrumb"},"inLanguage":"fr-FR","potentialAction":[{"@type":"ReadAction","target":["https:\/\/airspore.com\/fr\/alerte-feed\/"]}]},{"@type":"ImageObject","inLanguage":"fr-FR","@id":"https:\/\/airspore.com\/fr\/alerte-feed\/#primaryimage","url":"\/wp-content\/uploads\/2023\/06\/FIL-dalertes-thumbnail.png","contentUrl":"\/wp-content\/uploads\/2023\/06\/FIL-dalertes-thumbnail.png","width":1200,"height":628},{"@type":"BreadcrumbList","@id":"https:\/\/airspore.com\/fr\/alerte-feed\/#breadcrumb","itemListElement":[{"@type":"ListItem","position":1,"name":"\u2302","item":"https:\/\/airspore.com\/fr\/"},{"@type":"ListItem","position":2,"name":"Flux d&#8217;alerte"}]},{"@type":"WebSite","@id":"https:\/\/airspore.com\/#website","url":"https:\/\/airspore.com\/","name":"AIR","description":"AIR is a preventive fungal disease detection program.","publisher":{"@id":"https:\/\/airspore.com\/#organization"},"alternateName":"AIR SPORE INC","potentialAction":[{"@type":"SearchAction","target":{"@type":"EntryPoint","urlTemplate":"https:\/\/airspore.com\/?s={search_term_string}"},"query-input":{"@type":"PropertyValueSpecification","valueRequired":true,"valueName":"search_term_string"}}],"inLanguage":"fr-FR"},{"@type":"Organization","@id":"https:\/\/airspore.com\/#organization","name":"AIR","alternateName":"AIR SPORE INC.","url":"https:\/\/airspore.com\/","logo":{"@type":"ImageObject","inLanguage":"fr-FR","@id":"https:\/\/airspore.com\/#\/schema\/logo\/image\/","url":"https:\/\/airspore.com\/wp-content\/uploads\/2022\/06\/Logo-gros-transparentFichier-1.svg","contentUrl":"https:\/\/airspore.com\/wp-content\/uploads\/2022\/06\/Logo-gros-transparentFichier-1.svg","width":1,"height":1,"caption":"AIR"},"image":{"@id":"https:\/\/airspore.com\/#\/schema\/logo\/image\/"},"sameAs":["https:\/\/www.facebook.com\/airspore\/","https:\/\/www.instagram.com\/airspore.inc\/"]}]}},"uagb_featured_image_src":{"full":["\/wp-content\/uploads\/2023\/06\/FIL-dalertes-thumbnail.png",1200,628,false],"thumbnail":["\/wp-content\/uploads\/2023\/06\/FIL-dalertes-thumbnail-150x150.png",150,150,true],"medium":["\/wp-content\/uploads\/2023\/06\/FIL-dalertes-thumbnail-300x157.png",300,157,true],"medium_large":["\/wp-content\/uploads\/2023\/06\/FIL-dalertes-thumbnail-768x402.png",768,402,true],"large":["\/wp-content\/uploads\/2023\/06\/FIL-dalertes-thumbnail-1024x536.png",1024,536,true],"1536x1536":["\/wp-content\/uploads\/2023\/06\/FIL-dalertes-thumbnail.png",1200,628,false],"2048x2048":["\/wp-content\/uploads\/2023\/06\/FIL-dalertes-thumbnail.png",1200,628,false]},"uagb_author_info":{"display_name":"support informatique","author_link":"https:\/\/airspore.com\/fr\/author\/support\/"},"uagb_comment_info":0,"uagb_excerpt":"Restez inform\u00e9 des zones \u00e0 risque de maladies fongiques transmises par l&rsquo;air gr\u00e2ce \u00e0 ce fil d&rsquo;alerte. Nous vous invitons \u00e0 la prudence et \u00e0 consulter votre agronome si vous avez des questions. S&rsquo;ABONNER","_links":{"self":[{"href":"https:\/\/airspore.com\/fr\/wp-json\/wp\/v2\/pages\/4009","targetHints":{"allow":["GET"]}}],"collection":[{"href":"https:\/\/airspore.com\/fr\/wp-json\/wp\/v2\/pages"}],"about":[{"href":"https:\/\/airspore.com\/fr\/wp-json\/wp\/v2\/types\/page"}],"author":[{"embeddable":true,"href":"https:\/\/airspore.com\/fr\/wp-json\/wp\/v2\/users\/4"}],"replies":[{"embeddable":true,"href":"https:\/\/airspore.com\/fr\/wp-json\/wp\/v2\/comments?post=4009"}],"version-history":[{"count":238,"href":"https:\/\/airspore.com\/fr\/wp-json\/wp\/v2\/pages\/4009\/revisions"}],"predecessor-version":[{"id":7959,"href":"https:\/\/airspore.com\/fr\/wp-json\/wp\/v2\/pages\/4009\/revisions\/7959"}],"wp:featuredmedia":[{"embeddable":true,"href":"https:\/\/airspore.com\/fr\/wp-json\/wp\/v2\/media\/6917"}],"wp:attachment":[{"href":"https:\/\/airspore.com\/fr\/wp-json\/wp\/v2\/media?parent=4009"}],"curies":[{"name":"wp","href":"https:\/\/api.w.org\/{rel}","templated":true}]}}